{"id":32019,"date":"2023-07-28T14:06:19","date_gmt":"2023-07-28T14:06:19","guid":{"rendered":"https:\/\/ufrb.edu.br\/2023\/07\/28\/superintendencia-de-regulacao-e-avaliacao-institucional-surai\/"},"modified":"2025-12-01T13:50:34","modified_gmt":"2025-12-01T16:50:34","slug":"superintendencia-de-regulacao-e-avaliacao-institucional-surai","status":"publish","type":"page","link":"https:\/\/ufrb.edu.br\/portal\/superintendencia-de-regulacao-e-avaliacao-institucional-surai\/","title":{"rendered":"Surai &#8211; Superintend\u00eancia de Regula\u00e7\u00e3o e Avalia\u00e7\u00e3o Institucional"},"content":{"rendered":"<p>A Superintend\u00eancia de Regula\u00e7\u00e3o e Avalia\u00e7\u00e3o Institucional (SURAI), da Universidade Federal do Rec\u00f4ncavo da Bahia (UFRB) foi criada em 10 de mar\u00e7o de 2022, pela portaria n\u00b0 190\/2022, instituindo em sua estrutura o N\u00facleo de Regula\u00e7\u00e3o e Avalia\u00e7\u00e3o (NURAV) e de N\u00facleo de Acompanhamento de Egressos (NUAEG). A SURAI \u00e9 uma unidade administrativa vinculada \u00e0 Reitoria, com o objetivo de operacionalizar e acompanhar os processos regulat\u00f3rios e avaliativos no sistema e-MEC, acompanhar avalia\u00e7\u00f5es externas&nbsp;<em>in loco<\/em>, exercer tamb\u00e9m os procedimentos necess\u00e1rios relacionados ao ENADE que envolve a atua\u00e7\u00e3o do Procurador Educacional Institucional prevista em legisla\u00e7\u00e3o pr\u00f3pria do ENADE, e preencher o Censo da Educa\u00e7\u00e3o Superior anualmente.<\/p>\n<p>&nbsp;<\/p>\n<h4>Miss\u00e3o<\/h4>\n<p>Coordenar, de forma integrada, os&nbsp;processos de regula\u00e7\u00e3o e avalia\u00e7\u00e3o, propostos pelo MEC, visando contribuir para o&nbsp;desenvolvimento institucional e qualidade dos cursos de gradua\u00e7\u00e3o e p\u00f3s-gradua\u00e7\u00e3o da&nbsp;UFRB.<\/p>\n<p>&nbsp;<\/p>\n<h4>Objetivo Geral<\/h4>\n<p>Promover a integra\u00e7\u00e3o entre a Avalia\u00e7\u00e3o Institucional e o&nbsp;Processo de Regula\u00e7\u00e3o e implementar, em parceria com a CPA, a Pol\u00edtica Permanente de&nbsp;Avalia\u00e7\u00e3o Institucional, conforme previsto na Lei do SINAES 10.861\/2004, buscando&nbsp;subsidiar o planejamento e a tomada de decis\u00e3o para a melhoria da qualidade institucional.<\/p>\n<p>&nbsp;<\/p>\n<h4>Objetivos Espec\u00edficos<\/h4>\n<p>I &#8211; Propor diretrizes para (re)orienta\u00e7\u00e3o de a\u00e7\u00f5es da IES frente \u00e0s potencialidades e&nbsp;fragilidades apontadas a partir dos relat\u00f3rios de avalia\u00e7\u00e3o e da coleta de dados. (INEP e CPA);<\/p>\n<p>II &#8211; Apoiar a Comiss\u00e3o Pr\u00f3pria de Avalia\u00e7\u00e3o (CPA) \/UFRB na realiza\u00e7\u00e3o das atividades e avalia\u00e7\u00f5es peri\u00f3dicas na Universidade, colaborando com a realiza\u00e7\u00e3o de&nbsp;diagn\u00f3stico propositivo e socializando os resultados a fim de subsidiar o planejamento e a tomada de decis\u00e3o;<\/p>\n<p>III &#8211; Utilizar as pol\u00edticas de atendimento aos estudantes e egressos como um dos indicadores da avalia\u00e7\u00e3o institucional de forma integrada;<\/p>\n<p>IV &#8211; Oferecer suporte \u00e0s a\u00e7\u00f5es que visam o aprimoramento da avalia\u00e7\u00e3o institucional;<\/p>\n<p>V &#8211; Prestar assessoria com vistas \u00e0 qualifica\u00e7\u00e3o dos cursos de gradua\u00e7\u00e3o e p\u00f3s-gradua\u00e7\u00e3o;<\/p>\n<p>VI &#8211; Orientar a IES no que tange \u00e0 Legisla\u00e7\u00e3o emanada da SESu\/SERES\/MEC e INEP\/MEC relacionados a mecanismos de regula\u00e7\u00e3o\/supervis\u00e3o\/avalia\u00e7\u00e3o;<\/p>\n<p>VII &#8211; Fortalecer a atua\u00e7\u00e3o institucional no processo de avalia\u00e7\u00e3o do ENADE a fim de aprimorar os resultados;<\/p>\n<p>VIII &#8211; Coletar e acompanhar as informa\u00e7\u00f5es estat\u00edsticas institucionais para o Censo da Educa\u00e7\u00e3o Superior, analisar os resultados e propor a\u00e7\u00f5es que visem a qualifica\u00e7\u00e3o destes dados.<\/p>\n<p>&nbsp;<\/p>\n<h4>Equipe<\/h4>\n<p>Superintendente: Delma Ferreira de Oliveira<\/p>\n<p>E-mails:&nbsp;<a href=\"mailto:surai@surai.ufrb.edu.br\">surai@surai.ufrb.edu.br<\/a>&nbsp;e&nbsp;<a href=\"mailto:delma@ufrb.edu.br\">delma@ufrb.edu.br<\/a><\/p>\n<p>Celular: (75) 99978-1127<\/p>\n<p>N\u00facleo de Regula\u00e7\u00e3o e Avalia\u00e7\u00e3o \u2013 NURAV<\/p>\n<p>Chefe: Liandra Souza da Silva<\/p>\n<p>E-mails:&nbsp;<a href=\"mailto:surai@surai.ufrb.edu.br\">surai@surai.ufrb.edu.br<\/a>&nbsp;e&nbsp;<a href=\"mailto:liandrass@ufrb.edu.br\">liandrass@ufrb.edu.br<\/a><\/p>\n<p>N\u00facleo de Acompanhamento de Egressos \u2013 NUAEG<\/p>\n<p>Chefe: Silvana Sousa Louro<\/p>\n<p>E-mails:&nbsp;<a href=\"mailto:nuaeg@surai.ufrb.edu.br\">nuaeg@surai.ufrb.edu.br<\/a>&nbsp;e&nbsp;<a href=\"mailto:silvanalouro@ufrb.edu.br\"><\/a><a href=\"mailto:silvanalouro@ufrb.edu.br\">silvanalouro@ufrb.edu.br<\/a><\/p>\n<p>&nbsp;<\/p>\n<h4>Legisla\u00e7\u00e3o<\/h4>\n<p>Portarias<\/p>\n<p>PORTARIA N\u00ba 190, DE 10 DE MAR\u00c7O DE 2022&nbsp;\u2013 Cria a Superintend\u00eancia de Regula\u00e7\u00e3o e Avalia\u00e7\u00e3o Institucional e os n\u00facleos a ela vinculados.<\/p>\n<p>PORTARIA NORMATIVA N\u00ba 840, DE 24 DE AGOSTO DE 2018 &#8211; Disp\u00f5e sobre os procedimentos de compet\u00eancia do Instituto Nacional de Estudos e Pesquisas Educacionais An\u00edsio Teixeira referentes \u00e0 avalia\u00e7\u00e3o de institui\u00e7\u00f5es de educa\u00e7\u00e3o superior, de cursos de gradua\u00e7\u00e3o e de desempenho acad\u00eamico de estudantes. <a href=\"https:\/\/www.in.gov.br\/web\/dou\/-\/portaria-normativa-n-840-de-24-de-agosto-de-2018-38406450\">https:\/\/www.in.gov.br\/web\/dou\/-\/portaria-normativa-n-840-de-24-de-agosto-de-2018-38406450<\/a><\/p>\n<p>PORTARIA N\u00ba 488, DE 8 DE JULHO DE 2021 &#8211; Disp\u00f5e sobre a Comiss\u00e3o T\u00e9cnica de Acompanhamento da Avalia\u00e7\u00e3o &#8211; CTAA do Sistema Nacional de Avalia\u00e7\u00e3o da Educa\u00e7\u00e3o Superior. <a href=\"https:\/\/www.in.gov.br\/web\/dou\/-\/portaria-n-488-de-8-de-julho-de-2021-330988476\">https:\/\/www.in.gov.br\/web\/dou\/-\/portaria-n-488-de-8-de-julho-de-2021-330988476<\/a><\/p>\n<p>PORTARIA N\u00b0 2.051, DE 9 DE JULHO DE 2004 &#8211;&nbsp; Regulamenta os procedimentos de avalia\u00e7\u00e3o do Sistema Nacional de Avalia\u00e7\u00e3o da Educa\u00e7\u00e3o Superior (SINAES), institu\u00eddo na Lei no 10.861, de 14 de abril de 2004. <a href=\"https:\/\/pesquisa.in.gov.br\/imprensa\/jsp\/visualiza\/index.jsp\">https:\/\/pesquisa.in.gov.br\/imprensa\/jsp\/visualiza\/index.jsp<\/a>&nbsp;jornal=1&amp;pagina=12&amp;data=12\/07\/2004<\/p>\n<p>PORTARIA N\u00ba 794, DE 23 DE AGOSTO DE 2013 &#8211; Disp\u00f5e sobre o censo da educa\u00e7\u00e3o superior. <a href=\"https:\/\/www.in.gov.br\/en\/web\/dou\/-\/portaria-n-794-de-23-de-agosto-de-2013-31041698\">https:\/\/www.in.gov.br\/en\/web\/dou\/-\/portaria-n-794-de-23-de-agosto-de-2013-31041698<\/a><\/p>\n<p>PORTARIA N\u00b0 984, DE 18 DE NOVEMBRO DE 2020 &#8211; Altera artigo 5\u00b0 e 7\u00b0 da portaria 794, de 23 de agosto de 2013. <a href=\"https:\/\/www.in.gov.br\/web\/dou\/-\/portaria-n-984-de-18-de-novembro-de-2020-289277648\">https:\/\/www.in.gov.br\/web\/dou\/-\/portaria-n-984-de-18-de-novembro-de-2020-289277648<\/a><\/p>\n<p>Leis<\/p>\n<p>Lei n. 10.861-2004&nbsp;&#8211; Institui o Sistema Nacional de Avalia\u00e7\u00e3o da Educa\u00e7\u00e3o Superior (Sinaes) e d\u00e1 outras provid\u00eancias. <a href=\"http:\/\/www.planalto.gov.br\/ccivil_03\/_Ato2004-2006\/2004\/Lei\/L10.861.htm\">http:\/\/www.planalto.gov.br\/ccivil_03\/_Ato2004-2006\/2004\/Lei\/L10.861.htm<\/a><\/p>\n<p>Lei n. 10.870-2004&nbsp;&#8211; Institui a Taxa de Avalia\u00e7\u00e3o in loco das institui\u00e7\u00f5es de educa\u00e7\u00e3o superior e dos cursos de gradua\u00e7\u00e3o. <a href=\"http:\/\/www.planalto.gov.br\/ccivil_03\/_Ato2004-2006\/2004\/Lei\/L10.870.htm\">http:\/\/www.planalto.gov.br\/ccivil_03\/_Ato2004-2006\/2004\/Lei\/L10.870.htm<\/a><\/p>\n<p>Decretos<\/p>\n<p>DECRETO N\u00ba 9.235, DE 15 DE DEZEMBRO DE 2017 &#8211; Disp\u00f5e sobre o exerc\u00edcio das fun\u00e7\u00f5es de regula\u00e7\u00e3o, supervis\u00e3o e avalia\u00e7\u00e3o das institui\u00e7\u00f5es de educa\u00e7\u00e3o superior e dos cursos superiores de gradua\u00e7\u00e3o e de p\u00f3s-gradua\u00e7\u00e3o no sistema federal de ensino.&nbsp;<a href=\"https:\/\/www.planalto.gov.br\/ccivil_03\/_ato2015-2018\/2017\/decreto\/d9235.htm\">https:\/\/www.planalto.gov.br\/ccivil_03\/_ato2015-2018\/2017\/decreto\/d9235.htm<\/a><\/p>\n<p>DECRETO N\u00b0 6.425, DE &nbsp;ABRIL DE 2008&nbsp;&#8211; Disp\u00f5e sobre o censo anual da educa\u00e7\u00e3o. <a href=\"https:\/\/www.planalto.gov.br\/ccivil_03\/_ato2007-2010\/2008\/decreto\/d6425.htm\">https:\/\/www.planalto.gov.br\/ccivil_03\/_ato2007-2010\/2008\/decreto\/d6425.htm<\/a><\/p>\n","protected":false},"excerpt":{"rendered":"<p>A Superintend\u00eancia de Regula\u00e7\u00e3o e Avalia\u00e7\u00e3o Institucional (SURAI), da Universidade Federal do Rec\u00f4ncavo da Bahia (UFRB) foi criada em 10 de mar\u00e7o de 2022, pela portaria n\u00b0 190\/2022, instituindo em sua estrutura o N\u00facleo de Regula\u00e7\u00e3o e Avalia\u00e7\u00e3o (NURAV) e de N\u00facleo de Acompanhamento de Egressos (NUAEG). A SURAI \u00e9 uma unidade administrativa vinculada \u00e0 [&hellip;]<\/p>\n","protected":false},"author":1,"featured_media":0,"parent":0,"menu_order":2,"comment_status":"closed","ping_status":"closed","template":"","meta":{"_acf_changed":false,"footnotes":""},"class_list":["post-32019","page","type-page","status-publish","hentry"],"acf":[],"_links":{"self":[{"href":"https:\/\/ufrb.edu.br\/portal\/wp-json\/wp\/v2\/pages\/32019","targetHints":{"allow":["GET"]}}],"collection":[{"href":"https:\/\/ufrb.edu.br\/portal\/wp-json\/wp\/v2\/pages"}],"about":[{"href":"https:\/\/ufrb.edu.br\/portal\/wp-json\/wp\/v2\/types\/page"}],"author":[{"embeddable":true,"href":"https:\/\/ufrb.edu.br\/portal\/wp-json\/wp\/v2\/users\/1"}],"replies":[{"embeddable":true,"href":"https:\/\/ufrb.edu.br\/portal\/wp-json\/wp\/v2\/comments?post=32019"}],"version-history":[{"count":1,"href":"https:\/\/ufrb.edu.br\/portal\/wp-json\/wp\/v2\/pages\/32019\/revisions"}],"predecessor-version":[{"id":44999,"href":"https:\/\/ufrb.edu.br\/portal\/wp-json\/wp\/v2\/pages\/32019\/revisions\/44999"}],"wp:attachment":[{"href":"https:\/\/ufrb.edu.br\/portal\/wp-json\/wp\/v2\/media?parent=32019"}],"curies":[{"name":"wp","href":"https:\/\/api.w.org\/{rel}","templated":true}]}}