{"id":35836,"date":"2024-11-29T09:42:04","date_gmt":"2024-11-29T12:42:04","guid":{"rendered":"https:\/\/ufrb.edu.br\/?page_id=35836"},"modified":"2026-02-20T09:52:32","modified_gmt":"2026-02-20T12:52:32","slug":"corregedoria","status":"publish","type":"page","link":"https:\/\/ufrb.edu.br\/portal\/corregedoria\/","title":{"rendered":"Corregedoria"},"content":{"rendered":"\n<div class=\"containerbuttoninterno\">\n<a href=\"\/portal\/wp-content\/uploads\/sites\/5\/2025\/12\/Relatorio_de_Gestao_2024_Corregedoria.pdf\" class=\"button button-interno\">Relat\u00f3rio de Gest\u00e3o Correcional Anual 2024<\/a> \n<a href=\"https:\/\/www.gov.br\/corregedorias\/pt-br\/institucional\/sistemas-correcionais\/sistema-epad\" class=\"button button-interno\">Sistema ePAD<\/a>\n<a href=\"https:\/\/www.gov.br\/corregedorias\/pt-br\" class=\"button button-interno\">Portal de Corregedorias<\/a>\n<a href=\"\/portal\/wp-content\/uploads\/sites\/5\/2025\/12\/20250710144713_Manual_conduta_de_conotao_sexual-4.pdf\" class=\"button button-interno\">Protocolo condutas de conota\u00e7\u00e3o sexual:recep\u00e7\u00e3o, tratamento e responsabiliza\u00e7\u00e3o<\/a>\n<\/div>\n\n\n\n<p>Ol\u00e1, seja bem-vindo \u00e0 p\u00e1gina da Corregedoria da UFRB.<br>A Corregedoria \u00e9 um dos \u00f3rg\u00e3os internos cuja finalidade \u00e9 contribuir para a manuten\u00e7\u00e3o da integridade na Administra\u00e7\u00e3o P\u00fablica, ou seja, busca garantir um ambiente \u00edntegro, \u00e9tico e transparente por meio da investiga\u00e7\u00e3o e responsabiliza\u00e7\u00e3o de il\u00edcitos administrativos praticados por agentes p\u00fablicos (servidores e empregados p\u00fablicos) e\/ou entes privados. A atua\u00e7\u00e3o da Corregedoria limita-se a prevenir, inibir, coibir e reprimir il\u00edcitos administrativos produzidos no exerc\u00edcio de suas atribui\u00e7\u00f5es ou que tenham rela\u00e7\u00f5es com as atribui\u00e7\u00f5es do cargo.<br>Neste espa\u00e7o, voc\u00ea encontrar\u00e1 informa\u00e7\u00f5es sobre a atua\u00e7\u00e3o desta Corregedoria, materiais que podem facilitar o trabalho dos membros das comiss\u00f5es disciplinares e materiais&nbsp; ducativos que v\u00e3o lhe ajudar a compreender melhor nossos servi\u00e7os e a atua\u00e7\u00e3o.<\/p>\n\n\n\n<p><strong>Breve Hist\u00f3rico<\/strong><\/p>\n\n\n\n<p>A Unidade Setorial de Correi\u00e7\u00e3o na Universidade Federal do Rec\u00f4ncavo da Bahia foi institu\u00edda atrav\u00e9s da Resolu\u00e7\u00e3o Consuni n\u00ba 20, de 19 de dezembro de 2023. O objetivo foi destacar a atividade correcional, conferindo-lhe independ\u00eancia e contribuindo para o fortalecimento da cultura organizacional, reafirmando o compromisso com a integridade p\u00fablica. A Corregedoria da UFRB integra o Sistema de Correi\u00e7\u00e3o do Poder Executivo Federal (SISCOR), cujo \u00f3rg\u00e3o central \u00e9 a Controladoria-Geral da Uni\u00e3o (CGU), por meio da Corregedoria-Geral da Uni\u00e3o (CRG), como define a Portaria Normativa CGU n\u00ba 27\/2022. Deste modo, a CORREG fica subordinada internamente \u00e0 autoridade m\u00e1xima institucional, mas deve obedecer \u00e0s orienta\u00e7\u00f5es normativas e \u00e9 supervisionada tecnicamente pela CRG\/CGU.<br>Antes, parte do poder disciplinar era delegado para o N\u00facleo de Acompanhamento e Admissibilidade de Procedimentos Disciplinares, por meio da portaria n\u00ba 517\/2016.<\/p>\n\n\n\n<div style=\"height:28px\" aria-hidden=\"true\" class=\"wp-block-spacer\"><\/div>\n\n\n\n<h3 class=\"wp-block-heading\"><strong>Legisla\u00e7\u00e3o<\/strong><\/h3>\n\n\n\n<p><a href=\"http:\/\/www.planalto.gov.br\/ccivil_03\/leis\/l8112cons.htm\">Lei n\u00ba 8.112\/90<\/a>&nbsp;<\/p>\n\n\n\n<p><a href=\"https:\/\/www.planalto.gov.br\/ccivil_03\/leis\/l9784.htm\">Lei n\u00ba 9.784\/99&nbsp;<\/a><\/p>\n\n\n\n<p><a href=\"https:\/\/www.planalto.gov.br\/ccivil_03\/_ato2011-2014\/2011\/lei\/l12527.htm\">Lei n\u00ba 12.527\/2011<\/a><\/p>\n\n\n\n<p><a href=\"https:\/\/www.planalto.gov.br\/ccivil_03\/_ato2011-2014\/2013\/lei\/l12846.htm\">Lei n\u00ba 12.846\/2013<\/a><\/p>\n\n\n\n<p><a href=\"https:\/\/www.planalto.gov.br\/ccivil_03\/_ato2019-2022\/2019\/lei\/l13869.htm\">Lei n\u00ba 13.869\/2019<\/a><\/p>\n\n\n\n<p><a href=\"http:\/\/www.planalto.gov.br\/ccivil_03\/_ato2019-2022\/2021\/lei\/L14230.htm\">Lei n\u00ba 14.230\/2021<\/a><\/p>\n\n\n\n<div style=\"height:28px\" aria-hidden=\"true\" class=\"wp-block-spacer\"><\/div>\n\n\n\n<h3 class=\"wp-block-heading\"><strong>Manuais da CGU<\/strong><\/h3>\n\n\n\n<p><a href=\"https:\/\/repositorio.cgu.gov.br\/bitstream\/1\/44518\/5\/1_Manual_Pr%c3%a1tico%20PAD_dez%202018.pdf\">Manual Pr\u00e1tico de Processo Administrativo Disciplinar<\/a><\/p>\n\n\n\n<p><a href=\"https:\/\/repositorio.cgu.gov.br\/bitstream\/1\/68219\/10\/Manual_PAD%20_2022%20%281%29.pdf\">Manual de Processo Administrativo Disciplinar<\/a><\/p>\n\n\n\n<p><a href=\"https:\/\/repositorio.cgu.gov.br\/bitstream\/1\/68182\/5\/Manual_de_Responsabiliza%c3%a7%c3%a3o_de_Entes_Privados_abril_2022_Corrigido.pdf\">Manual de Responsabiliza\u00e7\u00e3o de Entes Privados<\/a><\/p>\n\n\n\n<p><a href=\"https:\/\/cgugovbr.sharepoint.com\/:o:\/s\/ou-crg-crggab\/Ep3yS9djOgpFpaIdskunWTIBDk01R65T4Os_RMEIO2S7YQ?e=jI9Z86\">RUMO \u2013 Roteiro Unificado de M\u00e9todos Operacionais<\/a><\/p>\n\n\n\n<div style=\"height:28px\" aria-hidden=\"true\" class=\"wp-block-spacer\"><\/div>\n\n\n\n<h3 class=\"wp-block-heading\"><strong>Assuntos<\/strong><\/h3>\n\n\n\n<p><a href=\"http:\/\/ufrb.edu.br\/wp-content\/uploads\/2025\/03\/Regime-Disciplinar-Discente.pdf\">Regime Disciplinar Discente<\/a><\/p>\n\n\n\n<div style=\"height:28px\" aria-hidden=\"true\" class=\"wp-block-spacer\"><\/div>\n\n\n\n<h3 class=\"wp-block-heading\"><strong>Normativos internos<\/strong><\/h3>\n\n\n\n<p><a href=\"https:\/\/ufrb.edu.br\/soc\/components\/com_chronoforms5\/chronoforms\/uploads\/resolucao\/20231222152504_Resoluo_20_2023_-_unidade_setorial_correcional_-_nova_estruturao-assinado.pdf\">Cria\u00e7\u00e3o da Unidade Setorial de Correi\u00e7\u00e3o na UFRB<\/a><\/p>\n\n\n\n<p><a href=\"https:\/\/ufrb.edu.br\/soc\/components\/com_chronoforms5\/chronoforms\/uploads\/resolucao\/20240313111732_resoluo_22-2024_-_regimento_interno_da_corregedoria_da_UFRB_-_aqui.pdf\">Regimento Interno da Corregedoria \u2013 Resolu\u00e7\u00e3o CONSUNI\/UFRB n\u00ba 22\/2024<\/a><\/p>\n\n\n\n<p><a href=\"https:\/\/sistemas.ufrb.edu.br\/sipac\/VerInformativo?id=3942\">Manual de procedimentos \u2013 IN CORREG\/UFRB n\u00ba 01\/2024<\/a><\/p>\n\n\n\n<p><a href=\"https:\/\/sistemas.ufrb.edu.br\/sipac\/VerInformativo?id=3949\">Cadeia de cust\u00f3dia de provas digitais \u2013 IN CORREG\/UFRB n\u00ba 02\/2024<\/a><\/p>\n\n\n\n<div style=\"height:28px\" aria-hidden=\"true\" class=\"wp-block-spacer\"><\/div>\n\n\n\n<h3 class=\"wp-block-heading\"><strong>Modelos, formul\u00e1rios e orienta\u00e7\u00f5es internas<\/strong><\/h3>\n\n\n\n<p><a href=\"https:\/\/ufrb.edu.br\/portal\/images\/assessoria\/nuaadis\/Orineta%C3%A7%C3%B5es.pdf\">Orienta\u00e7\u00e3o tem\u00e1tica 01<\/a>&nbsp;&#8211; Import\u00e2ncia da dedica\u00e7\u00e3o dos membros para o cumprimento dos prazos legais.<\/p>\n\n\n\n<p><a href=\"https:\/\/ufrb.edu.br\/portal\/images\/assessoria\/nuaadis\/Orientacao_tematica.docx\">Orienta\u00e7\u00e3o tem\u00e1tica 02<\/a>&nbsp;&#8211; Imparcialidade, suspei\u00e7\u00e3o e impedimentos.<\/p>\n\n\n\n<p><a href=\"https:\/\/ufrb.edu.br\/portal\/images\/assessoria\/nuaadis\/modelos_de_documentos_para_PAD.doc\">Modelo de documentos<\/a><\/p>\n\n\n\n<p><a href=\"https:\/\/ufrb.edu.br\/portal\/images\/assessoria\/nuaadis\/Check_list_-_para_entrega_de_pad_-_pdf.pdf\">Check List<\/a><\/p>\n\n\n\n<div style=\"height:28px\" aria-hidden=\"true\" class=\"wp-block-spacer\"><\/div>\n\n\n\n<p>Agendamento<\/p>\n\n\n\n<p><a href=\"https:\/\/certidoes.cgu.gov.br\/\">Certid\u00e3o Negativa Correcional<\/a><\/p>\n\n\n\n<p><a href=\"https:\/\/docs.google.com\/forms\/d\/e\/1FAIpQLScUFMMMfAZSh4U0r7P_FhT_Cq0BAKjNyNNnJ46GeUxmfzH3IA\/viewform?usp=dialog\" data-type=\"link\" data-id=\"https:\/\/docs.google.com\/forms\/d\/e\/1FAIpQLScUFMMMfAZSh4U0r7P_FhT_Cq0BAKjNyNNnJ46GeUxmfzH3IA\/viewform?usp=dialog\">Declara\u00e7\u00e3o Negativa Correcional<\/a><\/p>\n\n\n\n<div style=\"height:28px\" aria-hidden=\"true\" class=\"wp-block-spacer\"><\/div>\n\n\n\n<h3 class=\"wp-block-heading\"><strong>Combate ao ass\u00e9dio sexual na Administra\u00e7\u00e3o P\u00fablica<\/strong><\/h3>\n\n\n\n<h3 class=\"wp-block-heading\"><strong>Ass\u00e9dio Sexual<\/strong><\/h3>\n\n\n\n<p><strong>Como identificar?<\/strong><\/p>\n\n\n\n<p>Participa\u00e7\u00e3o das Drs. Mayra Cotta e Carla Cotta<\/p>\n\n\n\n<figure class=\"wp-block-embed is-type-video is-provider-youtube wp-block-embed-youtube wp-embed-aspect-16-9 wp-has-aspect-ratio\"><div class=\"wp-block-embed__wrapper\">\n<iframe loading=\"lazy\" title=\"Temas Disciplinares em Destaque - Ass\u00e9dio Sexual: Como identificar?\" width=\"500\" height=\"281\" src=\"https:\/\/www.youtube.com\/embed\/5wiZ6GKCbfk?feature=oembed\" frameborder=\"0\" allow=\"accelerometer; autoplay; clipboard-write; encrypted-media; gyroscope; picture-in-picture; web-share\" referrerpolicy=\"strict-origin-when-cross-origin\" allowfullscreen><\/iframe>\n<\/div><\/figure>\n\n\n\n<p><a href=\"https:\/\/www.planalto.gov.br\/ccivil_03\/_Ato2023-2026\/2023\/Lei\/L14540.htm#:~:text=LEI%20N%C2%BA%2014.540%2C%20DE%203%20DE%20ABRIL%20DE%202023&amp;text=Institui%20o%20Programa%20de%20Preven%C3%A7%C3%A3o,%2C%20estadual%2C%20distrital%20e%20municipal.\">Lei n\u00ba14.540\/2023<\/a>&nbsp;&#8211;&nbsp;Institui o Programa de Preven\u00e7\u00e3o e Enfrentamento ao Ass\u00e9dio Sexual e demais Crimes contra a Dignidade Sexual e \u00e0 Viol\u00eancia Sexual no \u00e2mbito da administra\u00e7\u00e3o p\u00fablica, direta e indireta, federal, estadual, distrital e municipal.<\/p>\n\n\n\n<p><a href=\"https:\/\/repositorio.cgu.gov.br\/bitstream\/1\/65920\/3\/cartilha_apuracao_assedio_sexual.pdf\">Guia para apura\u00e7\u00e3o de casos de ass\u00e9dio sexual na esfera correcional.<\/a><\/p>\n\n\n\n<div style=\"height:28px\" aria-hidden=\"true\" class=\"wp-block-spacer\"><\/div>\n\n\n\n<h3 class=\"wp-block-heading\"><strong>Cartilhas<\/strong><\/h3>\n\n\n\n<p><a href=\"https:\/\/ufrb.edu.br\/soc\/components\/com_chronoforms5\/chronoforms\/uploads\/resolucao\/20241018095305_RESOLUO_CONSUNI_031_2024_altera_a_resoluo_27-2024_Poltica_contra_assdios__2_.pdf\">Pol\u00edtica de enfrentamento aos ass\u00e9dios e discrimina\u00e7\u00f5es na UFRB<\/a><\/p>\n\n\n\n<p><a href=\"https:\/\/www.gov.br\/cgu\/pt-br\/assuntos\/noticias\/2024\/12\/cgu-lanca-versao-atualizada-do-guia-lilas-contra-assedios-e-discriminacao-no-governo\/22nov24-vfinal_cgu-guialilas2024.pdf\">Guia lil\u00e1s CGU<\/a><\/p>\n\n\n\n<p><a href=\"https:\/\/repositorio.cgu.gov.br\/bitstream\/1\/77812\/1\/Nota_Tecnica_3285_2023.pdf\">Enquadramento disciplinar das condutas de cunho sexual<\/a><\/p>\n\n\n\n<p><a href=\"https:\/\/repositorio.cgu.gov.br\/bitstream\/1\/93296\/1\/Nota_Tecnica_1869_2024_CGUNE_DICOR_CRG.pdf\">Participa\u00e7\u00e3o das v\u00edtimas de ass\u00e9dio sexual no PAD<\/a><\/p>\n\n\n\n<div style=\"height:28px\" aria-hidden=\"true\" class=\"wp-block-spacer\"><\/div>\n\n\n\n<h3 class=\"wp-block-heading\"><strong>Infra\u00e7\u00f5es disciplinares<\/strong><\/h3>\n\n\n\n<p><a href=\"https:\/\/repositorio.cgu.gov.br\/bitstream\/1\/93461\/1\/Nota_Tecnica_93_2024_CGUNE_DICOR_CRG.pdf\">Enquadramento disciplinar do ass\u00e9dio moral e da discrimina\u00e7\u00e3o em ambiente laboral<\/a><\/p>\n\n\n\n<p><a href=\"https:\/\/www.gov.br\/cgu\/pt-br\/centrais-de-conteudo\/campanhas\/integridade-publica\/assedio-moral-e-sexual\">Ass\u00e9dio moral e sexual<\/a><\/p>\n\n\n\n<div style=\"height:28px\" aria-hidden=\"true\" class=\"wp-block-spacer\"><\/div>\n\n\n\n<h3 class=\"wp-block-heading\"><strong>Para mais informa\u00e7\u00f5es ou d\u00favidas sobre este servi\u00e7o, entre em contato<\/strong><\/h3>\n\n\n\n<p><strong>Setor &#8211;&nbsp;CORREG \u2013&nbsp;<\/strong>Corregedoria da UFRB<\/p>\n\n\n\n<p><strong>E-mail &#8211;&nbsp;<\/strong><a href=\"mailto:corregedoria@ufrb.edu.br\">corregedoria@ufrb.edu.br<\/a>,&nbsp;<a href=\"mailto:secretaria.corregedoria@ufrb.edu.br\">secretaria.corregedoria@ufrb.edu.br<\/a><\/p>\n\n\n\n<p><strong>Hor\u00e1rio de Atendimento &#8211;&nbsp;<\/strong>Segunda a sexta-feira, das 08hs &#8211; 12hs e 13hs &#8211; 17hs<\/p>\n\n\n\n<p><strong>Endere\u00e7o <\/strong>&#8211; Bairro dos Professores<\/p>\n\n\n\n<p>Rua Rui Barbosa, 710, Centro, Campus Universit\u00e1rio, CEP: 44380-000, Cruz das Almas &#8211; Ba.<\/p>\n\n\n\n<p>Campus universit\u00e1rio em Cruz das Almas, Bairro dos professores, pr\u00e9dio da Procuradoria Federal junto \u00e0 UFRB e Corregedoria.<\/p>\n","protected":false},"excerpt":{"rendered":"<p>Relat\u00f3rio de Gest\u00e3o Correcional Anual 2024 Sistema ePAD Portal de Corregedorias Protocolo condutas de conota\u00e7\u00e3o sexual:recep\u00e7\u00e3o, tratamento e responsabiliza\u00e7\u00e3o Ol\u00e1, seja bem-vindo \u00e0 p\u00e1gina da Corregedoria da UFRB.A Corregedoria \u00e9 um dos \u00f3rg\u00e3os internos cuja finalidade \u00e9 contribuir para a manuten\u00e7\u00e3o da integridade na Administra\u00e7\u00e3o P\u00fablica, ou seja, busca garantir um ambiente \u00edntegro, \u00e9tico e [&hellip;]<\/p>\n","protected":false},"author":1,"featured_media":0,"parent":0,"menu_order":0,"comment_status":"closed","ping_status":"closed","template":"","meta":{"_acf_changed":false,"footnotes":""},"class_list":["post-35836","page","type-page","status-publish","hentry"],"acf":[],"_links":{"self":[{"href":"https:\/\/ufrb.edu.br\/portal\/wp-json\/wp\/v2\/pages\/35836","targetHints":{"allow":["GET"]}}],"collection":[{"href":"https:\/\/ufrb.edu.br\/portal\/wp-json\/wp\/v2\/pages"}],"about":[{"href":"https:\/\/ufrb.edu.br\/portal\/wp-json\/wp\/v2\/types\/page"}],"author":[{"embeddable":true,"href":"https:\/\/ufrb.edu.br\/portal\/wp-json\/wp\/v2\/users\/1"}],"replies":[{"embeddable":true,"href":"https:\/\/ufrb.edu.br\/portal\/wp-json\/wp\/v2\/comments?post=35836"}],"version-history":[{"count":5,"href":"https:\/\/ufrb.edu.br\/portal\/wp-json\/wp\/v2\/pages\/35836\/revisions"}],"predecessor-version":[{"id":45328,"href":"https:\/\/ufrb.edu.br\/portal\/wp-json\/wp\/v2\/pages\/35836\/revisions\/45328"}],"wp:attachment":[{"href":"https:\/\/ufrb.edu.br\/portal\/wp-json\/wp\/v2\/media?parent=35836"}],"curies":[{"name":"wp","href":"https:\/\/api.w.org\/{rel}","templated":true}]}}