{"id":35859,"date":"2024-12-02T14:03:07","date_gmt":"2024-12-02T17:03:07","guid":{"rendered":"https:\/\/ufrb.edu.br\/?page_id=35859"},"modified":"2024-12-02T14:03:07","modified_gmt":"2024-12-02T17:03:07","slug":"central-de-atendimento","status":"publish","type":"page","link":"https:\/\/ufrb.edu.br\/portal\/central-de-atendimento\/","title":{"rendered":"Central de Atendimento"},"content":{"rendered":"\n<p>A Central de Atendimento \u00e9 uma estrutura multicanal dedicada a oferecer servi\u00e7os e informa\u00e7\u00f5es com excel\u00eancia aos diversos p\u00fablicos da Universidade Federal do Rec\u00f4ncavo da Bahia (UFRB). A unidade integra atendimento unificado, abrangendo servi\u00e7os virtuais e telef\u00f4nicos para maior efici\u00eancia e acessibilidade.<\/p>\n\n\n\n<h2 class=\"wp-block-heading\">Fale conosco<\/h2>\n\n\n\n<p><i class=\"fa fa-comment\" aria-hidden=\"true\"><\/i> Fale conosco via <a href=\"https:\/\/atendimento-dc7be.chat.blip.ai\/?appKey=dWZyYjc6YmZhZmU0MjEtMDhhNS00NWI3LWI5YWMtOGNiMjM2ZDkxOWI0\">Chat Online<\/a><\/p>\n\n\n\n<p><i class=\"fa fa-envelope\" aria-hidden=\"true\"><\/i> Fale conosco via e-mail: <a href=\"mailto:atendimento@ufrb.edu.br\">atendimento@ufrb.edu.br<\/a><\/p>\n\n\n\n<p><i class=\"fa fa-phone\" aria-hidden=\"true\"><\/i> Fale conosco via telefone: (75) 3621-2350<\/p>\n\n\n\n<p><i class=\"fa fa-hourglass\" aria-hidden=\"true\"><\/i> Hor\u00e1rio de atendimento da Central: de segunda \u00e0 quinta, das 8h \u00e0s 12h e 13h \u00e0s 17h e sexta,\u00a0das 7h \u00e0s 12h e 13h \u00e0s 16h<\/p>\n","protected":false},"excerpt":{"rendered":"<p>A Central de Atendimento \u00e9 uma estrutura multicanal dedicada a oferecer servi\u00e7os e informa\u00e7\u00f5es com excel\u00eancia aos diversos p\u00fablicos da Universidade Federal do Rec\u00f4ncavo da Bahia (UFRB). A unidade integra atendimento unificado, abrangendo servi\u00e7os virtuais e telef\u00f4nicos para maior efici\u00eancia e acessibilidade. Fale conosco Fale conosco via Chat Online Fale conosco via e-mail: atendimento@ufrb.edu.br Fale [&hellip;]<\/p>\n","protected":false},"author":1,"featured_media":35860,"parent":0,"menu_order":0,"comment_status":"closed","ping_status":"closed","template":"","meta":{"_acf_changed":false,"footnotes":""},"class_list":["post-35859","page","type-page","status-publish","has-post-thumbnail","hentry"],"acf":[],"_links":{"self":[{"href":"https:\/\/ufrb.edu.br\/portal\/wp-json\/wp\/v2\/pages\/35859","targetHints":{"allow":["GET"]}}],"collection":[{"href":"https:\/\/ufrb.edu.br\/portal\/wp-json\/wp\/v2\/pages"}],"about":[{"href":"https:\/\/ufrb.edu.br\/portal\/wp-json\/wp\/v2\/types\/page"}],"author":[{"embeddable":true,"href":"https:\/\/ufrb.edu.br\/portal\/wp-json\/wp\/v2\/users\/1"}],"replies":[{"embeddable":true,"href":"https:\/\/ufrb.edu.br\/portal\/wp-json\/wp\/v2\/comments?post=35859"}],"version-history":[{"count":0,"href":"https:\/\/ufrb.edu.br\/portal\/wp-json\/wp\/v2\/pages\/35859\/revisions"}],"wp:featuredmedia":[{"embeddable":true,"href":"https:\/\/ufrb.edu.br\/portal\/wp-json\/wp\/v2\/media\/35860"}],"wp:attachment":[{"href":"https:\/\/ufrb.edu.br\/portal\/wp-json\/wp\/v2\/media?parent=35859"}],"curies":[{"name":"wp","href":"https:\/\/api.w.org\/{rel}","templated":true}]}}