{"id":36119,"date":"2025-01-06T13:44:17","date_gmt":"2025-01-06T16:44:17","guid":{"rendered":"https:\/\/ufrb.edu.br\/?page_id=36119"},"modified":"2025-11-04T15:20:01","modified_gmt":"2025-11-04T18:20:01","slug":"informes-administrativos","status":"publish","type":"page","link":"https:\/\/ufrb.edu.br\/portal\/informes-administrativos\/","title":{"rendered":"Informes Administrativos"},"content":{"rendered":"\n07\/04\/2026 17:23 - <a href='https:\/\/ufrb.edu.br\/cfp\/noticias\/4206-estudantes-ja-podem-participar-da-nova-pesquisa-andifes-sobre-perfil-socioeconomico-e-cultural' target='_blank'>Estudantes j\u00e1 podem participar da nova pesquisa Andifes sobre perfil socioecon\u00f4mico e cultural<\/a> [CFP | Centro de Forma\u00e7\u00e3o de Professores da UFRB ]<br>07\/04\/2026 17:12 - <a href='https:\/\/ufrb.edu.br\/proexc\/noticias\/2029-casa-consciencia-abre-chamada-para-projetos-de-extensao-com-foco-em-saude-cultura-e-meio-ambiente' target='_blank'>Casa Consci\u00eancia disponibiliza espa\u00e7o f\u00edsico para a\u00e7\u00f5es de extens\u00e3o na UFRB<\/a> [PROEXC - Pr\u00f3-Reitoria de Extens\u00e3o e Cultura]<br>06\/04\/2026 18:58 - <a href='https:\/\/ufrb.edu.br\/cfp\/noticias\/4202-mec-disponibiliza-ferramentas-gratuitas-de-livros-e-idiomas' target='_blank'>MEC disponibiliza ferramentas gratuitas de livros e idiomas<\/a> [CFP | Centro de Forma\u00e7\u00e3o de Professores da UFRB ]<br>03\/04\/2026 17:04 - <a href='https:\/\/ufrb.edu.br\/cfp\/noticias\/4199-enem-2026-saiba-quem-tem-direito-a-isencao-da-taxa-de-inscricao' target='_blank'>Enem 2026: saiba quem tem direito \u00e0 isen\u00e7\u00e3o da taxa de inscri\u00e7\u00e3o<\/a> [CFP | Centro de Forma\u00e7\u00e3o de Professores da UFRB ]<br>31\/03\/2026 18:13 - <a href='https:\/\/ufrb.edu.br\/ppgecid\/noticias\/524-barema-do-edital-03-2026-credenciamento-docente' target='_blank'>Barema do Edital 03\/2026 - Credenciamento Docente<\/a> [Programa de P\u00f3s Gradua\u00e7\u00e3o em Educa\u00e7\u00e3o Cient\u00edfica, Inclus\u00e3o e Diversidade]<br>31\/03\/2026 18:07 - <a href='https:\/\/ufrb.edu.br\/ppgecid\/noticias\/523-retificacao-do-edital-de-credenciamento-no-03-2026' target='_blank'>Retifica\u00e7\u00e3o do Edital de Credenciamento no. 03\/2026<\/a> [Programa de P\u00f3s Gradua\u00e7\u00e3o em Educa\u00e7\u00e3o Cient\u00edfica, Inclus\u00e3o e Diversidade]<br>31\/03\/2026 15:07 - <a href='https:\/\/ufrb.edu.br\/proexc\/noticias\/2028-ufrb-abre-selecao-de-bolsistas-de-extensao-com-inscricoes-ate-13-de-abril' target='_blank'>UFRB abre sele\u00e7\u00e3o de bolsistas de extens\u00e3o com inscri\u00e7\u00f5es at\u00e9 13 de abril<\/a> [PROEXC - Pr\u00f3-Reitoria de Extens\u00e3o e Cultura]<br>30\/03\/2026 21:29 - <a href='https:\/\/www2.ufrb.edu.br\/ead\/noticias\/528-informe-de-rendimentos-para-bolsistas-e-beneficiarios-de-diarias-dos-cursos-ead' target='_blank'>Informe de Rendimentos para bolsistas e benefici\u00e1rios de di\u00e1rias dos cursos EaD<\/a> [SEAD - Superintend\u00eancia de Educa\u00e7\u00e3o Aberta e a Dist\u00e2ncia]<br>30\/03\/2026 19:53 - <a href='https:\/\/ufrb.edu.br\/editora\/noticias\/101-editora-da-ufrb-prorroga-o-periodo-de-inscricao-do-edital-de-apoio-a-publicacao-de-produtos-tecnologicos' target='_blank'>Editora da UFRB prorroga o per\u00edodo de inscri\u00e7\u00e3o do Edital de apoio \u00e0 publica\u00e7\u00e3o de produtos tecnol\u00f3gicos<\/a> [EDUFRB - Editora da Universidade Federal do Rec\u00f4ncavo da Bahia]<br>27\/03\/2026 16:55 - <a href='https:\/\/ufrb.edu.br\/cecult\/noticias\/1555-cecult-aprova-lente-novo-laboratorio-de-extensao-vai-transformar-estudantes-em-criadores-audiovisuais' target='_blank'>Cecult aprova LENTE: Novo Laborat\u00f3rio de Extens\u00e3o vai Transformar Estudantes em Criadores Audiovisuais<\/a> [CECULT - Centro de Cultura, Linguagens e Tecnologias Aplicadas]<br>26\/03\/2026 05:40 - <a href='https:\/\/ufrb.edu.br\/ppgecid\/noticias\/522-edital-para-credenciamento-e-recredenciamento-docente-no-ambito-do-ppgecid' target='_blank'>Edital para credenciamento e recredenciamento docente no \u00e2mbito do PPGECID<\/a> [Programa de P\u00f3s Gradua\u00e7\u00e3o em Educa\u00e7\u00e3o Cient\u00edfica, Inclus\u00e3o e Diversidade]<br>25\/03\/2026 18:24 - <a href='https:\/\/ufrb.edu.br\/cecult\/eventos\/1554-encontros-de-autocuidado-com-praticas-de-meditacao-e-movimento-consciente-no-cecult' target='_blank'>Encontros de autocuidado com pr\u00e1ticas de medita\u00e7\u00e3o e movimento consciente no CECULT<\/a> [CECULT - Centro de Cultura, Linguagens e Tecnologias Aplicadas]<br>25\/03\/2026 02:55 - <a href='https:\/\/ufrb.edu.br\/propaae\/noticias\/1348-aviso-sobre-o-cadastro-bolsa-permanencia-mec-estudantes-quilombolas-e-indigenas' target='_blank'>Aviso sobre o Cadastro Bolsa Perman\u00eancia MEC \u2013 Estudantes Quilombolas e Ind\u00edgenas<\/a> [PROPAAE - Pr\u00f3-Reitoria de Pol\u00edticas Afirmativas e  Assuntos Estudantis]<br>24\/03\/2026 20:34 - <a href='https:\/\/ufrb.edu.br\/cecult\/noticias\/1553-inscricoes-abertas-para-curso-de-comunicacao-e-divulgacao-de-projetos-com-foco-em-fotografia-em-sao-felix' target='_blank'>Inscri\u00e7\u00f5es abertas para curso de Comunica\u00e7\u00e3o e Divulga\u00e7\u00e3o de Projetos com foco em fotografia em S\u00e3o F\u00e9lix<\/a> [CECULT - Centro de Cultura, Linguagens e Tecnologias Aplicadas]<br>24\/03\/2026 20:25 - <a href='https:\/\/ufrb.edu.br\/cecult\/noticias\/1552-inscricoes-abertas-para-curso-de-comunicacao-e-divulgacao-de-projetos-em-saubara' target='_blank'>Inscri\u00e7\u00f5es abertas para curso de Comunica\u00e7\u00e3o e Divulga\u00e7\u00e3o de Projetos em Saubara<\/a> [CECULT - Centro de Cultura, Linguagens e Tecnologias Aplicadas]<br>24\/03\/2026 14:58 - <a href='https:\/\/ufrb.edu.br\/proexc\/noticias\/2027-ufrb-abre-selecao-de-propostas-para-docentes-no-programa-pibex' target='_blank'>Docentes da UFRB t\u00eam at\u00e9 13 de abril para se inscrever no PIBEX 2026<\/a> [PROEXC - Pr\u00f3-Reitoria de Extens\u00e3o e Cultura]<br>24\/03\/2026 04:22 - <a href='https:\/\/ufrb.edu.br\/cetens\/noticias\/1195-edital-fapex-e-ufrb-n-04-2026' target='_blank'>Edital FAPEX e UFRB n\u00ba 04\/2026 para sele\u00e7\u00e3o de bolsistas de est\u00e1gio ensino m\u00e9dio <\/a> [CETENS - Centro de Ci\u00eancia e Tecnologia em Energia e Sustentabilidade]<br>21\/03\/2026 19:35 - <a href='https:\/\/ufrb.edu.br\/editora\/noticias\/98-editora-da-ufrb-divulga-o-edital-de-apoio-a-publicacao-de-produtos-tecnologicos' target='_blank'>Editora da UFRB divulga o Edital de apoio \u00e0 publica\u00e7\u00e3o de produtos tecnol\u00f3gicos<\/a> [EDUFRB - Editora da Universidade Federal do Rec\u00f4ncavo da Bahia]<br>20\/03\/2026 22:54 - <a href='https:\/\/ufrb.edu.br\/cetens\/noticias\/1194-edital-fapex-e-ufrb-n-02-2026-homologacao-das-inscricoes-e-entrevistas' target='_blank'>Edital FAPEX e UFRB n\u00ba 02\/2026 - Homologa\u00e7\u00e3o das Inscri\u00e7\u00f5es e Entrevistas<\/a> [CETENS - Centro de Ci\u00eancia e Tecnologia em Energia e Sustentabilidade]<br>19\/03\/2026 18:31 - <a href='https:\/\/ufrb.edu.br\/ccaab\/noticias\/2374-projeto-supera-lanca-edital-para-selecao-de-bolsistas-da-ufrb-2' target='_blank'>Projeto SUPERA lan\u00e7a edital para sele\u00e7\u00e3o de bolsistas da UFRB<\/a> [CCAAB - Centro de Ci\u00eancias Agr\u00e1rias, Ambientais e Biol\u00f3gicas]<br>19\/03\/2026 17:11 - <a href='https:\/\/ufrb.edu.br\/cetens\/noticias\/1193-edital-para-selecao-de-bolsistas-do-projeto-mais-gestao-bahia' target='_blank'>Edital FAPEX e UFRB n\u00ba 03\/2026 para sele\u00e7\u00e3o de bolsistas do projeto MAIS GEST\u00c3O Bahia<\/a> [CETENS - Centro de Ci\u00eancia e Tecnologia em Energia e Sustentabilidade]<br>18\/03\/2026 20:54 - <a href='https:\/\/ufrb.edu.br\/ppgap\/noticias\/216-selecao-de-bolsa-2026-candidaturas-ate-20-03-2026' target='_blank'>Sele\u00e7\u00e3o de Bolsa 2026 - Candidaturas at\u00e9 20\/03\/2026<\/a> [Programa de P\u00f3s-Gradua\u00e7\u00e3o em Arqueologia e Patrim\u00f4nio Cultural]<br>18\/03\/2026 15:44 - <a href='https:\/\/www2.ufrb.edu.br\/ead\/noticias\/527-sead-ufrb-realiza-semana-pedagogica-uab-ufrb-2026-1-entre-18-e-20-de-marco' target='_blank'>SEAD\/UFRB realiza Semana Pedag\u00f3gica UAB\/UFRB 2026.1 entre 18 e 20 de mar\u00e7o<\/a> [SEAD - Superintend\u00eancia de Educa\u00e7\u00e3o Aberta e a Dist\u00e2ncia]<br>17\/03\/2026 18:44 - <a href='https:\/\/ufrb.edu.br\/cetec\/noticias\/1407-revista-recet-do-cetec-conquista-classificacao-qualis-b4-em-avaliacao-pela-capes' target='_blank'>Revista RECET do CETEC conquista classifica\u00e7\u00e3o Qualis B4 em avalia\u00e7\u00e3o pela CAPES.<\/a> [CETEC - Centro de Ci\u00eancias Exatas e Tecnol\u00f3gicas]<br>13\/03\/2026 21:47 - <a href='https:\/\/ufrb.edu.br\/pgcienciassociais\/arquivo-de-noticias\/977-edital-n-01-2026-para-concessao-de-bolsas-para-alunos-de-mestrado-do-programa-de-pos-graduacao-em-ciencias-sociais' target='_blank'>EDITAL N\u00ba 01\/2026 PARA CONCESS\u00c3O DE BOLSAS PARA ALUNOS DE MESTRADO DO PROGRAMA DE P\u00d3S-GRADUA\u00c7\u00c3O EM CI\u00caNCIAS SOCIAIS<\/a> [Programa de P\u00f3s-Gradua\u00e7\u00e3o em Ci\u00eancias Sociais]<br>13\/03\/2026 15:11 - <a href='https:\/\/ufrb.edu.br\/propaae\/noticias\/1347-nota-da-propaae-sobre-o-funcionamento-do-ru-de-cruz-das-almas' target='_blank'>Nota da PROPAAE sobre o funcionamento do RU de Cruz das Almas<\/a> [PROPAAE - Pr\u00f3-Reitoria de Pol\u00edticas Afirmativas e  Assuntos Estudantis]<br>10\/03\/2026 18:58 - <a href='https:\/\/ufrb.edu.br\/pgcienciasagrarias\/noticias\/748-calendario-de-reunioes-ordinarias-do-colegiado-do-ppgcag-em-2026' target='_blank'>Calend\u00e1rio de Reuni\u00f5es Ordin\u00e1rias do Colegiado do PPGCAG em 2026<\/a> [Programa de P\u00f3s-Gradua\u00e7\u00e3o em Ci\u00eancias Agr\u00e1rias UFRB]<br>10\/03\/2026 17:20 - <a href='https:\/\/ufrb.edu.br\/soc\/noticias\/noticias\/156-reuniao-ordinaria-do-conselho-universitario-12-03-2026' target='_blank'>REUNI\u00c3O ORDIN\u00c1RIA  DO CONSELHO UNIVERSIT\u00c1RIO - 12\/03\/2026<\/a> [Secretaria dos \u00d3rg\u00e3os Colegiados]<br>09\/03\/2026 17:11 - <a href='https:\/\/ufrb.edu.br\/pgrecvegetais\/noticias\/347-workshop-ingles-instrumental-e-preparacao-de-artigos-cientificos' target='_blank'>Workshop Ingl\u00eas instrumental e prepara\u00e7\u00e3o de artigos cient\u00edficos<\/a> [Programa de P\u00f3s-Gradua\u00e7\u00e3o em Recursos Gen\u00e9ticos Vegetais]<br>06\/03\/2026 15:04 - <a href='https:\/\/ufrb.edu.br\/prograd\/noticias\/726-guia-de-sobrevivencia-reune-dicas-e-servicos-essenciais-para-calouros-as-da-ufrb' target='_blank'>Guia de Sobreviv\u00eancia\u2019 re\u00fane dicas e servi\u00e7os essenciais para calouros(as) da UFRB<\/a> [PROGRAD - Pr\u00f3-Reitoria de Gradua\u00e7\u00e3o]<br>\n","protected":false},"excerpt":{"rendered":"","protected":false},"author":1,"featured_media":0,"parent":0,"menu_order":0,"comment_status":"closed","ping_status":"closed","template":"","meta":{"_acf_changed":false,"footnotes":""},"class_list":["post-36119","page","type-page","status-publish","hentry"],"acf":[],"_links":{"self":[{"href":"https:\/\/ufrb.edu.br\/portal\/wp-json\/wp\/v2\/pages\/36119","targetHints":{"allow":["GET"]}}],"collection":[{"href":"https:\/\/ufrb.edu.br\/portal\/wp-json\/wp\/v2\/pages"}],"about":[{"href":"https:\/\/ufrb.edu.br\/portal\/wp-json\/wp\/v2\/types\/page"}],"author":[{"embeddable":true,"href":"https:\/\/ufrb.edu.br\/portal\/wp-json\/wp\/v2\/users\/1"}],"replies":[{"embeddable":true,"href":"https:\/\/ufrb.edu.br\/portal\/wp-json\/wp\/v2\/comments?post=36119"}],"version-history":[{"count":3,"href":"https:\/\/ufrb.edu.br\/portal\/wp-json\/wp\/v2\/pages\/36119\/revisions"}],"predecessor-version":[{"id":44374,"href":"https:\/\/ufrb.edu.br\/portal\/wp-json\/wp\/v2\/pages\/36119\/revisions\/44374"}],"wp:attachment":[{"href":"https:\/\/ufrb.edu.br\/portal\/wp-json\/wp\/v2\/media?parent=36119"}],"curies":[{"name":"wp","href":"https:\/\/api.w.org\/{rel}","templated":true}]}}