{"id":37966,"date":"2025-03-17T09:30:46","date_gmt":"2025-03-17T12:30:46","guid":{"rendered":"https:\/\/ufrb.edu.br\/?page_id=37966"},"modified":"2025-03-17T09:30:46","modified_gmt":"2025-03-17T12:30:46","slug":"nossos-campi","status":"publish","type":"page","link":"https:\/\/ufrb.edu.br\/portal\/nossos-campi\/","title":{"rendered":"Nossos Campi"},"content":{"rendered":"\n<p>A UFRB possui campi em sete cidades do interior da Bahia e mais de <a href=\"https:\/\/www2.ufrb.edu.br\/ead\/polos\">20 polos de educa\u00e7\u00e3o a dist\u00e2ncia<\/a>, onde desenvolvemos atividades de ensino, pesquisa e extens\u00e3o em todas as \u00e1reas do conhecimento. Conhe\u00e7a nossos campi.<\/p>\n\n\n\n<div class=\"wp-block-gutena-tabs gutena-tabs-block gutena-tabs-block-018edc-ab\"><ul class=\"gutena-tabs-tab tab-left\"><li class=\"gutena-tab-title active\" data-tab=\"1\"><div class=\"gutena-tab-title-content icon-top\"><div class=\"gutena-tab-title-text\"><div>Amargosa<\/div><\/div><\/div><\/li><li class=\"gutena-tab-title inactive\" data-tab=\"2\"><div class=\"gutena-tab-title-content icon-top\"><div class=\"gutena-tab-title-text\"><div>Cachoeira\/S\u00e3o F\u00e9lix<\/div><\/div><\/div><\/li><li class=\"gutena-tab-title inactive\" data-tab=\"3\"><div class=\"gutena-tab-title-content icon-top\"><div class=\"gutena-tab-title-text\"><div>Cruz das Almas<\/div><\/div><\/div><\/li><li class=\"gutena-tab-title inactive\" data-tab=\"4\"><div class=\"gutena-tab-title-content icon-top\"><div class=\"gutena-tab-title-text\"><div>Feira de Santana<\/div><\/div><\/div><\/li><li class=\"gutena-tab-title inactive\" data-tab=\"5\"><div class=\"gutena-tab-title-content icon-top\"><div class=\"gutena-tab-title-text\"><div>Santo Amaro<\/div><\/div><\/div><\/li><li class=\"gutena-tab-title inactive\" data-tab=\"6\"><div class=\"gutena-tab-title-content icon-top\"><div class=\"gutena-tab-title-text\"><div>Santo Ant\u00f4nio de Jesus<\/div><\/div><\/div><\/li><\/ul><div class=\"gutena-tabs-content is-layout-flow wp-block-gutena-tabs-is-layout-flow\">\n<div class=\"wp-block-gutena-tab gutena-tab-block gutena-tab-block-b63662-35 active\" data-tab=\"1\"><div class=\"wp-block-image\">\n<figure class=\"alignleft size-full\"><img loading=\"lazy\" decoding=\"async\" width=\"1200\" height=\"630\" src=\"https:\/\/ufrb.edu.br\/portal\/wp-content\/uploads\/2015\/11\/amargosa-e4f.png\" alt=\"cfp\" class=\"wp-image-20557\" srcset=\"https:\/\/ufrb.edu.br\/portal\/wp-content\/uploads\/sites\/5\/2015\/11\/amargosa-e4f.png 1200w, https:\/\/ufrb.edu.br\/portal\/wp-content\/uploads\/sites\/5\/2015\/11\/amargosa-e4f-300x158.png 300w, https:\/\/ufrb.edu.br\/portal\/wp-content\/uploads\/sites\/5\/2015\/11\/amargosa-e4f-1024x538.png 1024w, https:\/\/ufrb.edu.br\/portal\/wp-content\/uploads\/sites\/5\/2015\/11\/amargosa-e4f-768x403.png 768w\" sizes=\"auto, (max-width: 1200px) 100vw, 1200px\" \/><\/figure>\n<\/div>\n\n\n<p>Encontro do Sert\u00e3o e do Rec\u00f4ncavo, a cidade surgiu e cresceu com o ciclo do caf\u00e9 e tamb\u00e9m por ser um importante ponto na rota entre o semi\u00e1rido e o litoral. O planejamento paisag\u00edstico \u00e9 uma marca de Amargosa. Na cidade, est\u00e1 o Centro de Forma\u00e7\u00e3o de Professores (CFP), que atende \u00e0 necessidade de forma\u00e7\u00e3o superior para os profissionais de educa\u00e7\u00e3o da regi\u00e3o.<\/p>\n\n\n\n<p>Mais informa\u00e7\u00f5es no&nbsp;<a href=\"https:\/\/www.ufrb.edu.br\/cfp\/\">site do CFP<\/a>.<\/p>\n<\/div>\n\n\n\n<div class=\"wp-block-gutena-tab gutena-tab-block gutena-tab-block-04eae1-0f inactive\" data-tab=\"2\"><div class=\"wp-block-image\">\n<figure class=\"alignleft size-full\"><img loading=\"lazy\" decoding=\"async\" width=\"1200\" height=\"630\" src=\"https:\/\/ufrb.edu.br\/portal\/wp-content\/uploads\/2015\/11\/cachoeira-247.png\" alt=\"cfp\" class=\"wp-image-20558\" srcset=\"https:\/\/ufrb.edu.br\/portal\/wp-content\/uploads\/sites\/5\/2015\/11\/cachoeira-247.png 1200w, https:\/\/ufrb.edu.br\/portal\/wp-content\/uploads\/sites\/5\/2015\/11\/cachoeira-247-300x158.png 300w, https:\/\/ufrb.edu.br\/portal\/wp-content\/uploads\/sites\/5\/2015\/11\/cachoeira-247-1024x538.png 1024w, https:\/\/ufrb.edu.br\/portal\/wp-content\/uploads\/sites\/5\/2015\/11\/cachoeira-247-768x403.png 768w\" sizes=\"auto, (max-width: 1200px) 100vw, 1200px\" \/><\/figure>\n<\/div>\n\n\n<p>Cachoeira e S\u00e3o F\u00e9lix est\u00e3o entre as primeiras cidades surgidas no in\u00edcio da coloniza\u00e7\u00e3o do Brasil. No Quarteir\u00e3o Leite Alves, em Cachoeira, est\u00e1 a sede do Centro de Artes, Humanidades e Letras (CAHL). A cidade de S\u00e3o F\u00e9lix abriga pavilh\u00f5es de laborat\u00f3rios e \u00e9 sede da resid\u00eancia estudantil da universidade.<\/p>\n\n\n\n<p>Mais informa\u00e7\u00f5es no&nbsp;<a href=\"https:\/\/www.ufrb.edu.br\/cahl\/\">site do CAHL<\/a>.<\/p>\n<\/div>\n\n\n\n<div class=\"wp-block-gutena-tab gutena-tab-block gutena-tab-block-3d7f8b-5d inactive\" data-tab=\"3\"><div class=\"wp-block-image\">\n<figure class=\"alignleft size-full\"><img loading=\"lazy\" decoding=\"async\" width=\"1200\" height=\"630\" src=\"https:\/\/ufrb.edu.br\/portal\/wp-content\/uploads\/2015\/11\/cruz-006.png\" alt=\"cfp\" class=\"wp-image-20559\" style=\"object-fit:cover\" srcset=\"https:\/\/ufrb.edu.br\/portal\/wp-content\/uploads\/sites\/5\/2015\/11\/cruz-006.png 1200w, https:\/\/ufrb.edu.br\/portal\/wp-content\/uploads\/sites\/5\/2015\/11\/cruz-006-300x158.png 300w, https:\/\/ufrb.edu.br\/portal\/wp-content\/uploads\/sites\/5\/2015\/11\/cruz-006-1024x538.png 1024w, https:\/\/ufrb.edu.br\/portal\/wp-content\/uploads\/sites\/5\/2015\/11\/cruz-006-768x403.png 768w\" sizes=\"auto, (max-width: 1200px) 100vw, 1200px\" \/><\/figure>\n<\/div>\n\n\n<p>Cruz das Almas apresenta grande diversidade em manifesta\u00e7\u00f5es populares, sendo nacionalmente conhecida pela festa de S\u00e3o Jo\u00e3o. \u00c9 a cidade-sede da Reitoria e abriga dois centros de ensino da UFRB: o Centro de Ci\u00eancias Agr\u00e1rias, Ambientais e Biol\u00f3gicas (CCAAB) e o Centro de Ci\u00eancias Exatas e Tecnol\u00f3gicas (CETEC).<\/p>\n\n\n\n<p>Mais informa\u00e7\u00f5es no&nbsp;<a href=\"https:\/\/www.ufrb.edu.br\/ccaab\">site do CCAAB<\/a>&nbsp;e no&nbsp;<a href=\"https:\/\/www.ufrb.edu.br\/cetec\">site do CETEC<\/a>.<\/p>\n<\/div>\n\n\n\n<div class=\"wp-block-gutena-tab gutena-tab-block gutena-tab-block-d908c4-a9 inactive\" data-tab=\"4\"><div class=\"wp-block-image\">\n<figure class=\"alignleft size-full\"><img loading=\"lazy\" decoding=\"async\" width=\"1200\" height=\"630\" src=\"https:\/\/ufrb.edu.br\/portal\/wp-content\/uploads\/2015\/11\/feira-901.png\" alt=\"cfp\" class=\"wp-image-20560\" style=\"object-fit:cover\" srcset=\"https:\/\/ufrb.edu.br\/portal\/wp-content\/uploads\/sites\/5\/2015\/11\/feira-901.png 1200w, https:\/\/ufrb.edu.br\/portal\/wp-content\/uploads\/sites\/5\/2015\/11\/feira-901-300x158.png 300w, https:\/\/ufrb.edu.br\/portal\/wp-content\/uploads\/sites\/5\/2015\/11\/feira-901-1024x538.png 1024w, https:\/\/ufrb.edu.br\/portal\/wp-content\/uploads\/sites\/5\/2015\/11\/feira-901-768x403.png 768w\" sizes=\"auto, (max-width: 1200px) 100vw, 1200px\" \/><\/figure>\n<\/div>\n\n\n<p>Feira de Santana \u00e9 marcada por um com\u00e9rcio forte e um centro industrial pujante e em crescimento. Na cidade, est\u00e1 a sede do Centro de Ci\u00eancia e Tecnologia em Energia e Sustentabilidade (CETENS). Sua cria\u00e7\u00e3o amplia a forma\u00e7\u00e3o de profissionais em ci\u00eancia e tecnologia voltados para a gest\u00e3o, planejamento, produ\u00e7\u00e3o, transporte, armazenamento, consumo e desenvolvimento de fontes renov\u00e1veis e de solu\u00e7\u00f5es tecnol\u00f3gicas em assuntos ligados a energia.<\/p>\n\n\n\n<p>Mais informa\u00e7\u00f5es no&nbsp;<a href=\"https:\/\/www.ufrb.edu.br\/cetens\/\">site do CETENS<\/a>.<\/p>\n<\/div>\n\n\n\n<div class=\"wp-block-gutena-tab gutena-tab-block gutena-tab-block-61ffd1-86 inactive\" data-tab=\"5\"><div class=\"wp-block-image\">\n<figure class=\"alignleft size-full\"><img loading=\"lazy\" decoding=\"async\" width=\"1200\" height=\"630\" src=\"https:\/\/ufrb.edu.br\/portal\/wp-content\/uploads\/2015\/11\/santoamaro-09e.png\" alt=\"cfp\" class=\"wp-image-20561\" style=\"object-fit:cover\" srcset=\"https:\/\/ufrb.edu.br\/portal\/wp-content\/uploads\/sites\/5\/2015\/11\/santoamaro-09e.png 1200w, https:\/\/ufrb.edu.br\/portal\/wp-content\/uploads\/sites\/5\/2015\/11\/santoamaro-09e-300x158.png 300w, https:\/\/ufrb.edu.br\/portal\/wp-content\/uploads\/sites\/5\/2015\/11\/santoamaro-09e-1024x538.png 1024w, https:\/\/ufrb.edu.br\/portal\/wp-content\/uploads\/sites\/5\/2015\/11\/santoamaro-09e-768x403.png 768w\" sizes=\"auto, (max-width: 1200px) 100vw, 1200px\" \/><\/figure>\n<\/div>\n\n\n<p>Fundada em 1557, Santo Amaro nasceu de um dos povoados mais antigos do Brasil e se desenvolveu em terra\u00e7os do Rio Suba\u00e9. A cidade \u00e9 sede do Centro de Cultura, Linguagens e Tecnologias Aplicadas (CECULT). O projeto do centro foi estruturado com vistas a uma forma\u00e7\u00e3o de natureza interdisciplinar, com enfoque nas culturas human\u00edstica, art\u00edstica e cient\u00edfica, articuladas a saberes concernentes aos referenciais locais.<\/p>\n\n\n\n<p>Mais informa\u00e7\u00f5es no&nbsp;<a href=\"https:\/\/www.ufrb.edu.br\/cecult\">site do CECULT<\/a>.<\/p>\n<\/div>\n\n\n\n<div class=\"wp-block-gutena-tab gutena-tab-block gutena-tab-block-ffa029-f4 inactive\" data-tab=\"6\"><div class=\"wp-block-image\">\n<figure class=\"alignleft size-full\"><img loading=\"lazy\" decoding=\"async\" width=\"1200\" height=\"630\" src=\"https:\/\/ufrb.edu.br\/portal\/wp-content\/uploads\/2015\/11\/saj-ea3.png\" alt=\"cfp\" class=\"wp-image-20562\" srcset=\"https:\/\/ufrb.edu.br\/portal\/wp-content\/uploads\/sites\/5\/2015\/11\/saj-ea3.png 1200w, https:\/\/ufrb.edu.br\/portal\/wp-content\/uploads\/sites\/5\/2015\/11\/saj-ea3-300x158.png 300w, https:\/\/ufrb.edu.br\/portal\/wp-content\/uploads\/sites\/5\/2015\/11\/saj-ea3-1024x538.png 1024w, https:\/\/ufrb.edu.br\/portal\/wp-content\/uploads\/sites\/5\/2015\/11\/saj-ea3-768x403.png 768w\" sizes=\"auto, (max-width: 1200px) 100vw, 1200px\" \/><\/figure>\n<\/div>\n\n\n<p>Santo Ant\u00f4nio de Jesus \u00e9 um importante centro regional, localizado na por\u00e7\u00e3o sul do Rec\u00f4ncavo, tem a marca de estar voltada para o futuro. SAJ, como \u00e9 conhecida, sedia o Centro de Ci\u00eancias da Sa\u00fade (CCS). Sua cria\u00e7\u00e3o harmoniza-se com o perfil da cidade, que se constitui como um importante centro de atendimento m\u00e9dico-hospitalar para toda a regi\u00e3o do Rec\u00f4ncavo.<\/p>\n\n\n\n<p>Mais informa\u00e7\u00f5es no&nbsp;<a href=\"https:\/\/www.ufrb.edu.br\/ccs\">site do CCS<\/a>.<\/p>\n<\/div>\n<\/div><\/div>\n\n\n\n<p><\/p>\n","protected":false},"excerpt":{"rendered":"<p>A UFRB possui campi em sete cidades do interior da Bahia e mais de 20 polos de educa\u00e7\u00e3o a dist\u00e2ncia, onde desenvolvemos atividades de ensino, pesquisa e extens\u00e3o em todas as \u00e1reas do conhecimento. Conhe\u00e7a nossos campi.<\/p>\n","protected":false},"author":1,"featured_media":0,"parent":0,"menu_order":0,"comment_status":"closed","ping_status":"closed","template":"","meta":{"_acf_changed":false,"footnotes":""},"class_list":["post-37966","page","type-page","status-publish","hentry"],"acf":[],"_links":{"self":[{"href":"https:\/\/ufrb.edu.br\/portal\/wp-json\/wp\/v2\/pages\/37966","targetHints":{"allow":["GET"]}}],"collection":[{"href":"https:\/\/ufrb.edu.br\/portal\/wp-json\/wp\/v2\/pages"}],"about":[{"href":"https:\/\/ufrb.edu.br\/portal\/wp-json\/wp\/v2\/types\/page"}],"author":[{"embeddable":true,"href":"https:\/\/ufrb.edu.br\/portal\/wp-json\/wp\/v2\/users\/1"}],"replies":[{"embeddable":true,"href":"https:\/\/ufrb.edu.br\/portal\/wp-json\/wp\/v2\/comments?post=37966"}],"version-history":[{"count":0,"href":"https:\/\/ufrb.edu.br\/portal\/wp-json\/wp\/v2\/pages\/37966\/revisions"}],"wp:attachment":[{"href":"https:\/\/ufrb.edu.br\/portal\/wp-json\/wp\/v2\/media?parent=37966"}],"curies":[{"name":"wp","href":"https:\/\/api.w.org\/{rel}","templated":true}]}}