{"id":38188,"date":"2025-03-19T09:32:16","date_gmt":"2025-03-19T12:32:16","guid":{"rendered":"https:\/\/ufrb.edu.br\/?page_id=38188"},"modified":"2025-03-19T09:32:16","modified_gmt":"2025-03-19T12:32:16","slug":"servicos-de-saude","status":"publish","type":"page","link":"https:\/\/ufrb.edu.br\/portal\/servicos-de-saude\/","title":{"rendered":"Servi\u00e7os de Sa\u00fade"},"content":{"rendered":"\n<p>Al\u00e9m de ser reconhecida pela excel\u00eancia na \u00e1rea acad\u00eamica e cient\u00edfica, a Universidade Federal do Rec\u00f4ncavo da Bahia (UFRB) possui unidades de sa\u00fade e assist\u00eancia que fortalecem os pilares do ensino, da pesquisa e da extens\u00e3o. O&nbsp;Hospital Universit\u00e1rio de Medicina Veterin\u00e1ria (HUMV)&nbsp;e o&nbsp;Servi\u00e7o Escola de Psicologia&nbsp;prestam servi\u00e7os de ponta \u00e0 sociedade e possibilitam o ensino pr\u00e1tico de estudantes de diferentes \u00e1reas do conhecimento.<\/p>\n\n\n\n<div class=\"containerbuttoninterno\">\n<a class=\"button button-interno\" href=\"https:\/\/ufrb.edu.br\/humv\/\">Hospital Universit\u00e1rio de Medicina Veterin\u00e1ria<\/a>\n<a class=\"button button-interno\" href=\"https:\/\/ufrb.edu.br\/servicodepsicologia\/\">Servi\u00e7o Escola de Psicologia<\/a>\n<\/div>\n","protected":false},"excerpt":{"rendered":"<p>Al\u00e9m de ser reconhecida pela excel\u00eancia na \u00e1rea acad\u00eamica e cient\u00edfica, a Universidade Federal do Rec\u00f4ncavo da Bahia (UFRB) possui unidades de sa\u00fade e assist\u00eancia que fortalecem os pilares do ensino, da pesquisa e da extens\u00e3o. O&nbsp;Hospital Universit\u00e1rio de Medicina Veterin\u00e1ria (HUMV)&nbsp;e o&nbsp;Servi\u00e7o Escola de Psicologia&nbsp;prestam servi\u00e7os de ponta \u00e0 sociedade e possibilitam o ensino [&hellip;]<\/p>\n","protected":false},"author":1,"featured_media":38244,"parent":0,"menu_order":0,"comment_status":"closed","ping_status":"closed","template":"","meta":{"_acf_changed":false,"footnotes":""},"class_list":["post-38188","page","type-page","status-publish","has-post-thumbnail","hentry"],"acf":[],"_links":{"self":[{"href":"https:\/\/ufrb.edu.br\/portal\/wp-json\/wp\/v2\/pages\/38188","targetHints":{"allow":["GET"]}}],"collection":[{"href":"https:\/\/ufrb.edu.br\/portal\/wp-json\/wp\/v2\/pages"}],"about":[{"href":"https:\/\/ufrb.edu.br\/portal\/wp-json\/wp\/v2\/types\/page"}],"author":[{"embeddable":true,"href":"https:\/\/ufrb.edu.br\/portal\/wp-json\/wp\/v2\/users\/1"}],"replies":[{"embeddable":true,"href":"https:\/\/ufrb.edu.br\/portal\/wp-json\/wp\/v2\/comments?post=38188"}],"version-history":[{"count":0,"href":"https:\/\/ufrb.edu.br\/portal\/wp-json\/wp\/v2\/pages\/38188\/revisions"}],"wp:featuredmedia":[{"embeddable":true,"href":"https:\/\/ufrb.edu.br\/portal\/wp-json\/wp\/v2\/media\/38244"}],"wp:attachment":[{"href":"https:\/\/ufrb.edu.br\/portal\/wp-json\/wp\/v2\/media?parent=38188"}],"curies":[{"name":"wp","href":"https:\/\/api.w.org\/{rel}","templated":true}]}}