{"id":40969,"date":"2025-04-29T14:17:59","date_gmt":"2025-04-29T17:17:59","guid":{"rendered":"https:\/\/ufrb.edu.br\/?page_id=40969"},"modified":"2025-11-24T13:51:47","modified_gmt":"2025-11-24T16:51:47","slug":"ascom","status":"publish","type":"page","link":"https:\/\/ufrb.edu.br\/portal\/ascom\/","title":{"rendered":"ASCOM &#8211; Assessoria de Comunica\u00e7\u00e3o"},"content":{"rendered":"\n<p>A Assessoria de Comunica\u00e7\u00e3o (ASCOM) da Universidade Federal do Rec\u00f4ncavo da Bahia (UFRB)&nbsp;\u00e9 o \u00f3rg\u00e3o de apoio e assessoramento da Reitoria nas \u00e1reas de Imprensa, Publicidade e Propaganda, Rela\u00e7\u00f5es P\u00fablicas, Internet e Produ\u00e7\u00e3o Audiovisual.<\/p>\n\n\n\n<p>A ASCOM \u00e9 respons\u00e1vel pela coordena\u00e7\u00e3o da pol\u00edtica de comunica\u00e7\u00e3o da Universidade, para os p\u00fablicos interno e externo, em todas as etapas: planejamento e defini\u00e7\u00e3o de estrat\u00e9gia das a\u00e7\u00f5es, execu\u00e7\u00e3o, e atividades de monitoramento e avalia\u00e7\u00e3o.<\/p>\n\n\n\n<p>Coordena as atividades de divulga\u00e7\u00e3o dos assuntos da Universidade para a comunidade acad\u00eamica e tamb\u00e9m para os meios de comunica\u00e7\u00e3o de alcance local e nacional, incluindo jornais, revistas, r\u00e1dios, emissoras de televis\u00e3o e a m\u00eddia especializada da Internet, al\u00e9m do atendimento \u00e0 imprensa em geral.<\/p>\n\n\n\n<div class=\"wp-block-gutena-tabs gutena-tabs-block gutena-tabs-block-d1b496-7c\"><ul class=\"gutena-tabs-tab tab-left\"><li class=\"gutena-tab-title active\" data-tab=\"1\"><div class=\"gutena-tab-title-content icon-top\"><div class=\"gutena-tab-title-text\"><div>Servi\u00e7os<\/div><\/div><\/div><\/li><li class=\"gutena-tab-title inactive\" data-tab=\"2\"><div class=\"gutena-tab-title-content icon-top\"><div class=\"gutena-tab-title-text\"><div>Produtos<\/div><\/div><\/div><\/li><li class=\"gutena-tab-title inactive\" data-tab=\"3\"><div class=\"gutena-tab-title-content icon-top\"><div class=\"gutena-tab-title-text\"><div>Documentos<\/div><\/div><\/div><\/li><li class=\"gutena-tab-title inactive\" data-tab=\"4\"><div class=\"gutena-tab-title-content icon-top\"><div class=\"gutena-tab-title-text\"><div>Equipe \/ Fale Conosco<\/div><\/div><\/div><\/li><\/ul><div class=\"gutena-tabs-content is-layout-flow wp-block-gutena-tabs-is-layout-flow\">\n<div class=\"wp-block-gutena-tab gutena-tab-block gutena-tab-block-e2453c-2b active\" data-tab=\"1\">\n<p><strong>Cria\u00e7\u00e3o de Sites:<\/strong>&nbsp;desenvolvimento de sites para Centros de Ensino, Pr\u00f3-Reitorias e Superintend\u00eancias. A ASCOM oferece ainda treinamento sobre o gerenciador de conte\u00fado para os usu\u00e1rios que fizerem requisi\u00e7\u00e3o de sites.<\/p>\n\n\n\n<p><strong>Suporte a Sites:<\/strong>&nbsp;suporte t\u00e9cnico aos sites institucionais da UFRB desenvolvidos pela ASCOM.<\/p>\n\n\n\n<p><strong>Cobertura Jornal\u00edstica:<\/strong>&nbsp;produ\u00e7\u00e3o de textos jornal\u00edsticos cujo objetivo \u00e9 repercutir os fatos e eventos da UFRB. Este servi\u00e7o garante a presen\u00e7a in loco do profissional que ser\u00e1 respons\u00e1vel por transmitir o acontecimento de acordo com as t\u00e9cnicas jornal\u00edsticas. Abrange tamb\u00e9m a produ\u00e7\u00e3o de fotos.<\/p>\n\n\n\n<p><strong>Divulga\u00e7\u00e3o:<\/strong>&nbsp;servi\u00e7o destinado para a divulga\u00e7\u00e3o de trabalhos, pesquisas, eventos e outras atividades desenvolvidas na UFRB. As informa\u00e7\u00f5es fornecidas s\u00e3o disponibilizadas aos jornalistas, que as avaliam, revisam e encaminham aos ve\u00edculos adequados.<\/p>\n\n\n\n<p><strong>Atendimento \u00e0 imprensa:<\/strong>&nbsp;atendimento especializado sob demanda dos ve\u00edculos de comunica\u00e7\u00e3o que desejam informa\u00e7\u00f5es sobre a UFRB. \u00c9 um servi\u00e7o considerado estrat\u00e9gico, pois contribui para a presen\u00e7a da UFRB na m\u00eddia; portanto, a fonte contatada deve, na medida do poss\u00edvel, estar dispon\u00edvel para prestar as informa\u00e7\u00f5es e conceder entrevistas aos ve\u00edculos.<\/p>\n\n\n\n<p><strong>Mailing:<\/strong>&nbsp;cadastro de destinat\u00e1rios aos quais a ASCOM envia comunicados com o prop\u00f3sito de incentivar a publica\u00e7\u00e3o de informa\u00e7\u00f5es de interesse institucional. Esse servi\u00e7o \u00e9 destinado aos ve\u00edculos e profissionais de imprensa que desejam receber, atrav\u00e9s de e-mails, releases sobre a UFRB.<\/p>\n\n\n\n<p><strong>Releases:<\/strong>&nbsp;comunica\u00e7\u00e3o para a imprensa visando divulgar uma not\u00edcia de interesse da UFRB e de igual relev\u00e2ncia para a comunidade externa. As sugest\u00f5es de pauta devem conter informa\u00e7\u00f5es detalhadas e disponibilizar os contatos dos entrevistados. De prefer\u00eancia, devem considerar ainda o foco do ve\u00edculo destinat\u00e1rio.<\/p>\n\n\n\n<p><strong>Cria\u00e7\u00e3o Gr\u00e1fica:<\/strong>&nbsp;produ\u00e7\u00e3o de pe\u00e7as gr\u00e1ficas para a comunidade acad\u00eamica da UFRB. Nesta etapa, ocorre o trabalho do designer de planejamento visual gr\u00e1fico que baseia a cria\u00e7\u00e3o nas informa\u00e7\u00f5es do briefing (documento que apresenta as caracter\u00edsticas e o objetivo do produto a ser elaborado) preenchido pelo solicitante.<\/p>\n\n\n\n<p><strong>Impress\u00e3o de Material Gr\u00e1fico:<\/strong>&nbsp;servi\u00e7o destinado a impress\u00e3o de pe\u00e7as gr\u00e1ficas por meio de empresa contratada pela UFRB. A ASCOM \u00e9 respons\u00e1vel pelo contato com o fornecedor, al\u00e9m de supervisionar todas as etapas de impress\u00e3o. O atendimento \u00e0 solicita\u00e7\u00e3o \u00e9 limitado \u00e0 quantidade contratada, portanto \u00e9 importante que o solicitante tenha manifestado interesse durante o planejamento anual de impress\u00e3o de material gr\u00e1fico. A solicita\u00e7\u00e3o j\u00e1 deve conter a pe\u00e7a gr\u00e1fica em arquivo fechado.<\/p>\n\n\n\n<p><strong>Produ\u00e7\u00e3o Audiovisual:<\/strong>&nbsp;produ\u00e7\u00e3o de conte\u00fado audiovisual para a comunidade acad\u00eamica da UFRB. A ASCOM disponibiliza equipamentos e corpo t\u00e9cnico para a cria\u00e7\u00e3o, captura, edi\u00e7\u00e3o e divulga\u00e7\u00e3o no canal Youtube de produtos institucionais em formato audiovisual, a exemplo de spots, jingles, vinhetas, v\u00eddeos, entre outros.<\/p>\n\n\n\n<p><strong>Transmiss\u00e3o Online:<\/strong>&nbsp;transmiss\u00e3o ao vivo de eventos com participa\u00e7\u00e3o da UFRB. A transmiss\u00e3o ao vivo \u00e9 vista por qualquer pessoa conectada em um computador, tablet ou smartphone que esteja no Portal da TV UFRB no Youtube.<\/p>\n<\/div>\n\n\n\n<div class=\"wp-block-gutena-tab gutena-tab-block gutena-tab-block-382745-a6 inactive\" data-tab=\"2\">\n<p><strong>Portal UFRB:<\/strong>&nbsp;portal institucional (<a href=\"https:\/\/ufrb.edu.br\/portal\/\">ufrb.edu.br<\/a>) que re\u00fane informa\u00e7\u00f5es sobre as atividades e o desempenho da Universidade.<\/p>\n\n\n\n<p><strong>Sites Institucionais:<\/strong>&nbsp;re\u00fanem informa\u00e7\u00f5es sobre Centros de Ensino, Pr\u00f3-Reitorias, Superintend\u00eancias, Comit\u00eas, cursos de gradua\u00e7\u00e3o e cursos de p\u00f3s-gradua\u00e7\u00e3o.<\/p>\n\n\n\n<p><strong>Clipping Eletr\u00f4nico:<\/strong>&nbsp;colet\u00e2nea de not\u00edcias que fazem refer\u00eancia \u00e0 UFRB, publicadas diariamente em ve\u00edculos online, atrav\u00e9s da qual \u00e9 poss\u00edvel avaliar o impacto e o alcance da imagem da institui\u00e7\u00e3o. O servi\u00e7o de clipping \u00e9 de livre acesso.<\/p>\n\n\n\n<p><strong>Redes Sociais:<\/strong>&nbsp;gest\u00e3o de perfis institucionais da UFRB nas redes sociais:<\/p>\n\n\n\n<ul class=\"wp-block-list\">\n<li>Facebook:&nbsp;<a href=\"https:\/\/www.facebook.com\/ufrb.edu\">ufrb.edu<\/a><\/li>\n\n\n\n<li>Instagram:&nbsp;<a href=\"http:\/\/instagram.com\/ufrb_edu\">@ufrb_edu<\/a><\/li>\n\n\n\n<li>Twitter:&nbsp;<a href=\"http:\/\/twitter.com\/ufrb\">@ufrb<\/a><\/li>\n\n\n\n<li>YouTube:&nbsp;<a href=\"http:\/\/www.youtube.com\/ufrb\">ufrb<\/a><\/li>\n\n\n\n<li>Telegram:&nbsp;<a href=\"https:\/\/t.me\/ufrb_edu\">ufrb_edu<\/a><\/li>\n\n\n\n<li>TikTok:&nbsp;<a href=\"https:\/\/www.tiktok.com\/@ufrb_edu\">@ufrb_edu<\/a><\/li>\n\n\n\n<li>Flickr:&nbsp;<a href=\"http:\/\/www.flickr.com\/photos\/ufrb\/\">ufrb<\/a><\/li>\n\n\n\n<li>SoundCloud:&nbsp;<a href=\"https:\/\/soundcloud.com\/ufrb\/sets\">ufrb<\/a><\/li>\n\n\n\n<li>Linkedin:&nbsp;<a href=\"https:\/\/www.linkedin.com\/school\/ufrb\">ufrb<\/a><\/li>\n\n\n\n<li>WhatsApp:&nbsp;<a href=\"https:\/\/whatsapp.com\/channel\/0029VaGuBdkAInPdJbwy7u0n\">https:\/\/whatsapp.com\/channel\/0029VaGuBdkAInPdJbwy7u0n<\/a><\/li>\n<\/ul>\n\n\n\n<p><strong>TV UFRB:<\/strong>&nbsp;canal da UFRB no Youtube (<a href=\"https:\/\/www.youtube.com\/user\/ufrb\">youtube.com\/ufrb<\/a>) que transmite os principais eventos e acontecimentos da UFRB ou nos quais a institui\u00e7\u00e3o est\u00e1 envolvida.<\/p>\n\n\n\n<p><strong>Boletim de Eventos:<\/strong> boletim semanal enviado por&nbsp;e-mail institucional, destacando os pr\u00f3ximos eventos com&nbsp;inscri\u00e7\u00f5es abertas cadastrados no&nbsp;SIGAA.<\/p>\n<\/div>\n\n\n\n<div class=\"wp-block-gutena-tab gutena-tab-block gutena-tab-block-2f19e3-18 inactive\" data-tab=\"3\">\n<ul class=\"wp-block-list\">\n<li><a href=\"http:\/\/linha-editorial-do-portal-da-ufrb\/\">Linha Editorial do Portal da UFRB<\/a><\/li>\n\n\n\n<li><a href=\"http:\/\/guia-de-boas-praticas-para-as-redes-sociais-da-ufrb\/\">Guia de boas pr\u00e1ticas para as redes sociais da UFRB<\/a><\/li>\n<\/ul>\n<\/div>\n\n\n\n<div class=\"wp-block-gutena-tab gutena-tab-block gutena-tab-block-51ea92-3e inactive\" data-tab=\"4\">\n<h4 class=\"wp-block-heading\">Coordena\u00e7\u00e3o<\/h4>\n\n\n\n<p>Coordenador: C\u00e9sar Velame de Carvalho<br>Administrador<br>ascom@ascom.ufrb.edu.br<br>75 99969-4911<\/p>\n\n\n\n<h4 class=\"wp-block-heading\">Secretaria Administrativa<\/h4>\n\n\n\n<p>Chefe: Marcel Teles de Oliveira Pedreira<br>Assistente em Administra\u00e7\u00e3o<br>secretaria@ascom.ufrb.edu.br<\/p>\n\n\n\n<h4 class=\"wp-block-heading\">N\u00facleo de Jornalismo<\/h4>\n\n\n\n<p>Chefe: Greiciane de Souza Santos<br>Jornalista<br>jornalismo@ufrb.edu.br<\/p>\n\n\n\n<p>F\u00e1bio Gon\u00e7alves Ferreira<br>Jornalista<br>fabioferreira@ufrb.edu.br<\/p>\n\n\n\n<p>Fernanda Sim\u00f5es Braga Ara\u00fajo<br>Jornalista<br>fernandabraga@ufrb.edu.br<\/p>\n\n\n\n<p>Gabriela Santos Souza<br>Estagi\u00e1ria de Jornalismo<br>gabrielasantos@aluno.ufrb.edu.br<\/p>\n\n\n\n<p>Victoria Christyne Silva e Lima<br>Estagi\u00e1ria de Jornalismo<br>victorriachristyne@aluno.ufrb.edu.br<\/p>\n\n\n\n<p>Vit\u00f3ria Ara\u00fajo de Aleluia<br>Estagi\u00e1ria de Jornalismo<br>vitoriaaraujojornalismo@aluno.ufrb.edu.br<\/p>\n\n\n\n<h4 class=\"wp-block-heading\">N\u00facleo de M\u00eddias Sociais<\/h4>\n\n\n\n<p>Chefe: Karina de Souza Silva<br>Assistente em Administra\u00e7\u00e3o<br>numids@ascom.ufrb.edu.br<\/p>\n\n\n\n<p>Luiz Guilherme Ara\u00fajo dos Santos<br>Estagi\u00e1rio de Publicidade e Propaganda<br>guilhermearaujo@aluno.ufrb.edu.br<\/p>\n\n\n\n<p>Valter Moacir Reis dos Santos Filho<br>Estagi\u00e1rio de Artes Visuais<br>valtermoacir@aluno.ufrb.edu.br<\/p>\n\n\n\n<h4 class=\"wp-block-heading\">N\u00facleo de Criatividade<\/h4>\n\n\n\n<p>Chefe: Fernando Ant\u00f4nio Nogueira de Jesus<br>Programador Visual<br>nucria@ascom.ufrb.edu.br<\/p>\n\n\n\n<h4 class=\"wp-block-heading\">N\u00facleo de Tecnologia<\/h4>\n\n\n\n<p>Chefe: Edson Paulino da Silva<br>Administrador<br>sites@ascom.ufrb.edu.br<\/p>\n\n\n\n<h4 class=\"wp-block-heading\">R\u00e1dio e TV UFRB<\/h4>\n\n\n\n<p>Chefe: Ivan Americano da Costa Neto<br>Operador de C\u00e2mera de TV e Cinema<br>tv@ascom.ufrb.edu.br <br>radio@ascom.ufrb.edu.br<\/p>\n\n\n\n<h4 class=\"wp-block-heading\">Central de Atendimento<\/h4>\n\n\n\n<p>Chefe: Thainan Souza dos Santos<br>Assistente em Administra\u00e7\u00e3o<br>atendimento@ufrb.edu.br<\/p>\n\n\n\n<p>Cristiane Santos<br>Atendente<br>atendimento@ufrb.edu.br<\/p>\n\n\n\n<p>Mariana<br>Atendente<\/p>\n<\/div>\n<\/div><\/div>\n","protected":false},"excerpt":{"rendered":"<p>A Assessoria de Comunica\u00e7\u00e3o (ASCOM) da Universidade Federal do Rec\u00f4ncavo da Bahia (UFRB)&nbsp;\u00e9 o \u00f3rg\u00e3o de apoio e assessoramento da Reitoria nas \u00e1reas de Imprensa, Publicidade e Propaganda, Rela\u00e7\u00f5es P\u00fablicas, Internet e Produ\u00e7\u00e3o Audiovisual. A ASCOM \u00e9 respons\u00e1vel pela coordena\u00e7\u00e3o da pol\u00edtica de comunica\u00e7\u00e3o da Universidade, para os p\u00fablicos interno e externo, em todas as [&hellip;]<\/p>\n","protected":false},"author":1,"featured_media":41002,"parent":0,"menu_order":0,"comment_status":"closed","ping_status":"closed","template":"","meta":{"_acf_changed":false,"footnotes":""},"class_list":["post-40969","page","type-page","status-publish","has-post-thumbnail","hentry"],"acf":[],"_links":{"self":[{"href":"https:\/\/ufrb.edu.br\/portal\/wp-json\/wp\/v2\/pages\/40969","targetHints":{"allow":["GET"]}}],"collection":[{"href":"https:\/\/ufrb.edu.br\/portal\/wp-json\/wp\/v2\/pages"}],"about":[{"href":"https:\/\/ufrb.edu.br\/portal\/wp-json\/wp\/v2\/types\/page"}],"author":[{"embeddable":true,"href":"https:\/\/ufrb.edu.br\/portal\/wp-json\/wp\/v2\/users\/1"}],"replies":[{"embeddable":true,"href":"https:\/\/ufrb.edu.br\/portal\/wp-json\/wp\/v2\/comments?post=40969"}],"version-history":[{"count":4,"href":"https:\/\/ufrb.edu.br\/portal\/wp-json\/wp\/v2\/pages\/40969\/revisions"}],"predecessor-version":[{"id":44664,"href":"https:\/\/ufrb.edu.br\/portal\/wp-json\/wp\/v2\/pages\/40969\/revisions\/44664"}],"wp:featuredmedia":[{"embeddable":true,"href":"https:\/\/ufrb.edu.br\/portal\/wp-json\/wp\/v2\/media\/41002"}],"wp:attachment":[{"href":"https:\/\/ufrb.edu.br\/portal\/wp-json\/wp\/v2\/media?parent=40969"}],"curies":[{"name":"wp","href":"https:\/\/api.w.org\/{rel}","templated":true}]}}