{"id":44412,"date":"2025-11-10T08:46:32","date_gmt":"2025-11-10T11:46:32","guid":{"rendered":"https:\/\/ufrb.edu.br\/portal\/?page_id=44412"},"modified":"2026-02-20T09:38:42","modified_gmt":"2026-02-20T12:38:42","slug":"ingresso-na-ufrb","status":"publish","type":"page","link":"https:\/\/ufrb.edu.br\/portal\/ingresso-na-ufrb\/","title":{"rendered":"Ingresso na UFRB"},"content":{"rendered":"\n<p>A Universidade Federal do Rec\u00f4ncavo da Bahia (UFRB) \u00e9 refer\u00eancia em forma\u00e7\u00e3o qualificada, promovendo uma s\u00f3lida base cient\u00edfica e incentivando uma vis\u00e3o human\u00edstica, cr\u00edtica e \u00e9tica. A institui\u00e7\u00e3o se dedica \u00e0 prepara\u00e7\u00e3o de pessoas comprometidas com uma sociedade mais justa e desenvolvida, ofertando cursos de excel\u00eancia em diferentes n\u00edveis de ensino, respeitando o potencial e a diversidade do Rec\u00f4ncavo e de toda a Bahia.<\/p>\n\n\n\n<h2 class=\"wp-block-heading\">Gradua\u00e7\u00e3o<\/h2>\n\n\n\n<div class=\"containerbuttoninterno\"><a class=\"button button-interno\" href=\"\/portal\/curso-de-graduacao\">Cursos de gradua\u00e7\u00e3o<\/a> <a class=\"button button-interno\" href=\"\/portal\/formas-de-ingresso\">Formas de ingresso<\/a> <a class=\"button button-interno\" href=\"https:\/\/www.ufrb.edu.br\/portal\/prosel\">Processos seletivos<\/a> <a class=\"button button-interno\" href=\"https:\/\/ufrb.edu.br\/prograd\/processos-seletivos-nupsel#reserva\">Legisla\u00e7\u00e3o e Reserva de Vagas<\/a> <a class=\"button button-interno\" href=\"\/portal\/matricula-na-ufrb\">Procedimentos para Matr\u00edcula<\/a> <a class=\"button button-interno\" href=\"\/portal\/calouro\">Guia de Sobreviv\u00eancia do(a) Calouro(a)<\/a><\/div>\n\n\n\n<h2 class=\"wp-block-heading\">P\u00f3s-Gradua\u00e7\u00e3o<\/h2>\n\n\n\n<div class=\"containerbuttoninterno\"><a class=\"button button-interno\" href=\"\/portal\/mestrado-e-doutorado\">Cursos de Mestrado e Doutorado<\/a> <a class=\"button button-interno\" href=\"\/portal\/especializacao-e-residencia\">Cursos de Especializa\u00e7\u00e3o e Resid\u00eancia<\/a> <a class=\"button button-interno\" href=\"https:\/\/sistemas.ufrb.edu.br\/sigaa\/public\/servicos_digitais\/processo_seletivo\/lista.jsf?nivel=S&amp;aba=p-stricto\">Processos Seletivos de Mestrado e Doutorado<\/a> <a class=\"button button-interno\" href=\"https:\/\/sistemas.ufrb.edu.br\/sigaa\/public\/curso\/lista.jsf?nivel=L&amp;aba=p-lato\">Processos Seletivos de Especializa\u00e7\u00e3o e Resid\u00eancia<\/a><\/div>\n\n\n\n<h2 class=\"wp-block-heading\">Concursos e Sele\u00e7\u00f5es P\u00fablicas<\/h2>\n\n\n\n<div class=\"containerbuttoninterno\"><a class=\"button button-interno\" href=\"https:\/\/sistemas.ufrb.edu.br\/sigrh\/public\/home.jsf\">Docente<\/a> <a class=\"button button-interno\" href=\"https:\/\/sistemas.ufrb.edu.br\/sigrh\/public\/home.jsf\">T\u00e9cnico(a) Administrativo(a)<\/a> <a class=\"button button-interno\" href=\"https:\/\/sistemas.ufrb.edu.br\/sigrh\/public\/home.jsf\">Estagi\u00e1rio(a)<\/a><\/div>\n","protected":false},"excerpt":{"rendered":"<p>A Universidade Federal do Rec\u00f4ncavo da Bahia (UFRB) \u00e9 refer\u00eancia em forma\u00e7\u00e3o qualificada, promovendo uma s\u00f3lida base cient\u00edfica e incentivando uma vis\u00e3o human\u00edstica, cr\u00edtica e \u00e9tica. A institui\u00e7\u00e3o se dedica \u00e0 prepara\u00e7\u00e3o de pessoas comprometidas com uma sociedade mais justa e desenvolvida, ofertando cursos de excel\u00eancia em diferentes n\u00edveis de ensino, respeitando o potencial e [&hellip;]<\/p>\n","protected":false},"author":1,"featured_media":0,"parent":0,"menu_order":0,"comment_status":"closed","ping_status":"closed","template":"","meta":{"_acf_changed":false,"footnotes":""},"class_list":["post-44412","page","type-page","status-publish","hentry"],"acf":[],"_links":{"self":[{"href":"https:\/\/ufrb.edu.br\/portal\/wp-json\/wp\/v2\/pages\/44412","targetHints":{"allow":["GET"]}}],"collection":[{"href":"https:\/\/ufrb.edu.br\/portal\/wp-json\/wp\/v2\/pages"}],"about":[{"href":"https:\/\/ufrb.edu.br\/portal\/wp-json\/wp\/v2\/types\/page"}],"author":[{"embeddable":true,"href":"https:\/\/ufrb.edu.br\/portal\/wp-json\/wp\/v2\/users\/1"}],"replies":[{"embeddable":true,"href":"https:\/\/ufrb.edu.br\/portal\/wp-json\/wp\/v2\/comments?post=44412"}],"version-history":[{"count":10,"href":"https:\/\/ufrb.edu.br\/portal\/wp-json\/wp\/v2\/pages\/44412\/revisions"}],"predecessor-version":[{"id":45325,"href":"https:\/\/ufrb.edu.br\/portal\/wp-json\/wp\/v2\/pages\/44412\/revisions\/45325"}],"wp:attachment":[{"href":"https:\/\/ufrb.edu.br\/portal\/wp-json\/wp\/v2\/media?parent=44412"}],"curies":[{"name":"wp","href":"https:\/\/api.w.org\/{rel}","templated":true}]}}