{"id":44418,"date":"2025-11-10T08:55:15","date_gmt":"2025-11-10T11:55:15","guid":{"rendered":"https:\/\/ufrb.edu.br\/portal\/?page_id=44418"},"modified":"2025-11-25T10:37:13","modified_gmt":"2025-11-25T13:37:13","slug":"cursos","status":"publish","type":"page","link":"https:\/\/ufrb.edu.br\/portal\/cursos\/","title":{"rendered":"Cursos"},"content":{"rendered":"\n<p>A UFRB possui sete Centros de Ensino que ofertam cursos&nbsp;de gradua\u00e7\u00e3o e p\u00f3s-gradua\u00e7\u00e3o presenciais e a dist\u00e2ncia:&nbsp;<a href=\"http:\/\/www.ufrb.edu.br\/cahl\">Artes, Humanidades e Letras<\/a>;&nbsp;<a href=\"http:\/\/www.ufrb.edu.br\/cetens\/\">Ci\u00eancia e Tecnologia em Energia e Sustentabilidade<\/a>;&nbsp;<a href=\"http:\/\/www.ufrb.edu.br\/ccaab\">Ci\u00eancias Agr\u00e1rias, Ambientais e Biol\u00f3gicas<\/a>;&nbsp;<a href=\"http:\/\/www.ufrb.edu.br\/ccs\">Ci\u00eancias da Sa\u00fade<\/a>;&nbsp;<a href=\"http:\/\/www.ufrb.edu.br\/cetec\">Ci\u00eancias Exatas e Tecnol\u00f3gicas<\/a>;&nbsp;<a href=\"http:\/\/ufrb.edu.br\/cecult\">Cultura, Linguagens e Tecnologias Aplicadas<\/a>; e&nbsp;<a href=\"http:\/\/www.ufrb.edu.br\/cfp\">Forma\u00e7\u00e3o de Professores<\/a>.<\/p>\n\n\n\n<div class=\"containerbuttoninterno\"><a href=\"\/portal\/curso-de-graduacao\" class=\"button button-interno\">Gradua\u00e7\u00e3o<\/a> <a href=\"\/portal\/mestrado-e-doutorado\" class=\"button button-interno\">Mestrado e Doutorado<\/a> <a href=\"\/portal\/lato-sensu\" class=\"button button-interno\">Especializa\u00e7\u00e3o e Resid\u00eancia<\/a> <a href=\"https:\/\/www2.ufrb.edu.br\/ead\" class=\"button button-interno\">Educa\u00e7\u00e3o Aberta e a Dist\u00e2ncia<\/a> <a href=\"https:\/\/sistemas.ufrb.edu.br\/sigaa\/public\/extensao\/paginaListaPeriodosInscricoesAtividadesPublico.jsf?aba=p-extensao\" class=\"button button-interno\">Extens\u00e3o<\/a><a href=\"\/portal\/nossos-campi\" class=\"button button-interno\">Nossos Campi<\/a><\/div>\n\n\n\n<p><\/p>\n","protected":false},"excerpt":{"rendered":"<p>A UFRB possui sete Centros de Ensino que ofertam cursos&nbsp;de gradua\u00e7\u00e3o e p\u00f3s-gradua\u00e7\u00e3o presenciais e a dist\u00e2ncia:&nbsp;Artes, Humanidades e Letras;&nbsp;Ci\u00eancia e Tecnologia em Energia e Sustentabilidade;&nbsp;Ci\u00eancias Agr\u00e1rias, Ambientais e Biol\u00f3gicas;&nbsp;Ci\u00eancias da Sa\u00fade;&nbsp;Ci\u00eancias Exatas e Tecnol\u00f3gicas;&nbsp;Cultura, Linguagens e Tecnologias Aplicadas; e&nbsp;Forma\u00e7\u00e3o de Professores. Gradua\u00e7\u00e3o Mestrado e Doutorado Especializa\u00e7\u00e3o e Resid\u00eancia Educa\u00e7\u00e3o Aberta e a Dist\u00e2ncia Extens\u00e3oNossos [&hellip;]<\/p>\n","protected":false},"author":1,"featured_media":0,"parent":0,"menu_order":0,"comment_status":"closed","ping_status":"closed","template":"","meta":{"_acf_changed":false,"footnotes":""},"class_list":["post-44418","page","type-page","status-publish","hentry"],"acf":[],"_links":{"self":[{"href":"https:\/\/ufrb.edu.br\/portal\/wp-json\/wp\/v2\/pages\/44418","targetHints":{"allow":["GET"]}}],"collection":[{"href":"https:\/\/ufrb.edu.br\/portal\/wp-json\/wp\/v2\/pages"}],"about":[{"href":"https:\/\/ufrb.edu.br\/portal\/wp-json\/wp\/v2\/types\/page"}],"author":[{"embeddable":true,"href":"https:\/\/ufrb.edu.br\/portal\/wp-json\/wp\/v2\/users\/1"}],"replies":[{"embeddable":true,"href":"https:\/\/ufrb.edu.br\/portal\/wp-json\/wp\/v2\/comments?post=44418"}],"version-history":[{"count":3,"href":"https:\/\/ufrb.edu.br\/portal\/wp-json\/wp\/v2\/pages\/44418\/revisions"}],"predecessor-version":[{"id":44811,"href":"https:\/\/ufrb.edu.br\/portal\/wp-json\/wp\/v2\/pages\/44418\/revisions\/44811"}],"wp:attachment":[{"href":"https:\/\/ufrb.edu.br\/portal\/wp-json\/wp\/v2\/media?parent=44418"}],"curies":[{"name":"wp","href":"https:\/\/api.w.org\/{rel}","templated":true}]}}