{"id":44422,"date":"2025-11-10T09:08:15","date_gmt":"2025-11-10T12:08:15","guid":{"rendered":"https:\/\/ufrb.edu.br\/portal\/?page_id=44422"},"modified":"2025-11-11T15:12:17","modified_gmt":"2025-11-11T18:12:17","slug":"calendario","status":"publish","type":"page","link":"https:\/\/ufrb.edu.br\/portal\/calendario\/","title":{"rendered":"Calend\u00e1rio Acad\u00eamico"},"content":{"rendered":"\n<p>O calend\u00e1rio acad\u00eamico \u00e9 um documento oficial que organiza e planeja todas as atividades do per\u00edodo letivo da institui\u00e7\u00e3o. Ele define datas importantes, como in\u00edcio e t\u00e9rmino das aulas, feriados, prazos de matr\u00edcula, f\u00e9rias, eventos acad\u00eamicos e outras atividades institucionais.<\/p>\n\n\n\n<div class=\"containerbuttoninterno\"><a href=\"https:\/\/www.ufrb.edu.br\/prograd\/calendario-academico\" class=\"button button-interno\">Gradua\u00e7\u00e3o<\/a> <a href=\"https:\/\/ufrb.edu.br\/ppgci\/calendario-academico\" class=\"button button-interno\">P\u00f3s-Gradua\u00e7\u00e3o<\/a><\/div>\n","protected":false},"excerpt":{"rendered":"<p>O calend\u00e1rio acad\u00eamico \u00e9 um documento oficial que organiza e planeja todas as atividades do per\u00edodo letivo da institui\u00e7\u00e3o. Ele define datas importantes, como in\u00edcio e t\u00e9rmino das aulas, feriados, prazos de matr\u00edcula, f\u00e9rias, eventos acad\u00eamicos e outras atividades institucionais. Gradua\u00e7\u00e3o P\u00f3s-Gradua\u00e7\u00e3o<\/p>\n","protected":false},"author":1,"featured_media":0,"parent":0,"menu_order":0,"comment_status":"closed","ping_status":"closed","template":"","meta":{"_acf_changed":false,"footnotes":""},"class_list":["post-44422","page","type-page","status-publish","hentry"],"acf":[],"_links":{"self":[{"href":"https:\/\/ufrb.edu.br\/portal\/wp-json\/wp\/v2\/pages\/44422","targetHints":{"allow":["GET"]}}],"collection":[{"href":"https:\/\/ufrb.edu.br\/portal\/wp-json\/wp\/v2\/pages"}],"about":[{"href":"https:\/\/ufrb.edu.br\/portal\/wp-json\/wp\/v2\/types\/page"}],"author":[{"embeddable":true,"href":"https:\/\/ufrb.edu.br\/portal\/wp-json\/wp\/v2\/users\/1"}],"replies":[{"embeddable":true,"href":"https:\/\/ufrb.edu.br\/portal\/wp-json\/wp\/v2\/comments?post=44422"}],"version-history":[{"count":3,"href":"https:\/\/ufrb.edu.br\/portal\/wp-json\/wp\/v2\/pages\/44422\/revisions"}],"predecessor-version":[{"id":44503,"href":"https:\/\/ufrb.edu.br\/portal\/wp-json\/wp\/v2\/pages\/44422\/revisions\/44503"}],"wp:attachment":[{"href":"https:\/\/ufrb.edu.br\/portal\/wp-json\/wp\/v2\/media?parent=44422"}],"curies":[{"name":"wp","href":"https:\/\/api.w.org\/{rel}","templated":true}]}}