{"id":44489,"date":"2025-11-10T15:39:40","date_gmt":"2025-11-10T18:39:40","guid":{"rendered":"https:\/\/ufrb.edu.br\/portal\/?page_id=44489"},"modified":"2025-11-24T14:30:58","modified_gmt":"2025-11-24T17:30:58","slug":"comunicacao","status":"publish","type":"page","link":"https:\/\/ufrb.edu.br\/portal\/comunicacao\/","title":{"rendered":"Comunica\u00e7\u00e3o"},"content":{"rendered":"\n<p>A comunica\u00e7\u00e3o da Universidade Federal do Rec\u00f4ncavo da Bahia (UFRB) tem como prop\u00f3sito valorizar e difundir a identidade institucional da universidade, fortalecendo sua imagem p\u00fablica e seu compromisso com o desenvolvimento regional e social. Busca promover a integra\u00e7\u00e3o entre os diversos p\u00fablicos da comunidade acad\u00eamica e a sociedade, estimulando o di\u00e1logo, a transpar\u00eancia e a circula\u00e7\u00e3o de informa\u00e7\u00f5es de interesse p\u00fablico.<\/p>\n\n\n\n<div class=\"containerbuttoninterno\">\n<a class=\"button button-interno\" href=\"\/portal\/sala-de-imprensa\">Sala de Imprensa<\/a>\n<a class=\"button button-interno\" href=\"https:\/\/www.ufrb.edu.br\/ascom\/component\/chronoforms5\/?chronoform=ver-servico&#038;id=2&#038;Itemid=893\">Sugest\u00e3o de Pauta<\/a>\n<a class=\"button button-interno\" href=\"\/portal\/ascom\/\">Assessoria de Comunica\u00e7\u00e3o<\/a>\n<a class=\"button button-interno\" href=\"\/portal\/identidade-visual-da-ufrb\/\">Identidade Visual da UFRB<\/a>\n<a class=\"button button-interno\" href=\"https:\/\/drive.google.com\/drive\/u\/3\/folders\/1BesFnGPniMneZHwbcbYvtCGT9eV7Epin\">Banco de Imagens<\/a>\n<a class=\"button button-interno\" href=\"\/portal\/category\/nota\">Notas Oficiais<\/a>\n<a class=\"button button-interno\" href=\"\/portal\/category\/noticias\">Not\u00edcias<\/a>\n<a class=\"button button-interno\" href=\"\/portal\/redes-sociais\">Redes Sociais<\/a>\n<\/div>\n","protected":false},"excerpt":{"rendered":"<p>A comunica\u00e7\u00e3o da Universidade Federal do Rec\u00f4ncavo da Bahia (UFRB) tem como prop\u00f3sito valorizar e difundir a identidade institucional da universidade, fortalecendo sua imagem p\u00fablica e seu compromisso com o desenvolvimento regional e social. Busca promover a integra\u00e7\u00e3o entre os diversos p\u00fablicos da comunidade acad\u00eamica e a sociedade, estimulando o di\u00e1logo, a transpar\u00eancia e a [&hellip;]<\/p>\n","protected":false},"author":1,"featured_media":0,"parent":0,"menu_order":0,"comment_status":"closed","ping_status":"closed","template":"","meta":{"_acf_changed":false,"footnotes":""},"class_list":["post-44489","page","type-page","status-publish","hentry"],"acf":[],"_links":{"self":[{"href":"https:\/\/ufrb.edu.br\/portal\/wp-json\/wp\/v2\/pages\/44489","targetHints":{"allow":["GET"]}}],"collection":[{"href":"https:\/\/ufrb.edu.br\/portal\/wp-json\/wp\/v2\/pages"}],"about":[{"href":"https:\/\/ufrb.edu.br\/portal\/wp-json\/wp\/v2\/types\/page"}],"author":[{"embeddable":true,"href":"https:\/\/ufrb.edu.br\/portal\/wp-json\/wp\/v2\/users\/1"}],"replies":[{"embeddable":true,"href":"https:\/\/ufrb.edu.br\/portal\/wp-json\/wp\/v2\/comments?post=44489"}],"version-history":[{"count":8,"href":"https:\/\/ufrb.edu.br\/portal\/wp-json\/wp\/v2\/pages\/44489\/revisions"}],"predecessor-version":[{"id":44691,"href":"https:\/\/ufrb.edu.br\/portal\/wp-json\/wp\/v2\/pages\/44489\/revisions\/44691"}],"wp:attachment":[{"href":"https:\/\/ufrb.edu.br\/portal\/wp-json\/wp\/v2\/media?parent=44489"}],"curies":[{"name":"wp","href":"https:\/\/api.w.org\/{rel}","templated":true}]}}