{"id":44516,"date":"2025-11-17T14:41:40","date_gmt":"2025-11-17T17:41:40","guid":{"rendered":"https:\/\/ufrb.edu.br\/portal\/?page_id=44516"},"modified":"2025-11-17T14:41:41","modified_gmt":"2025-11-17T17:41:41","slug":"atendimento","status":"publish","type":"page","link":"https:\/\/ufrb.edu.br\/portal\/atendimento\/","title":{"rendered":"Atendimento"},"content":{"rendered":"\n<div class=\"containerbuttoninterno\"><a href=\"\/portal\/fale-conosco\" class=\"button button-interno\">Fale Conosco<\/a> <a href=\"\/portal\/central-de-atendimento\" class=\"button button-interno\">Central de Atendimento<\/a><a href=\"https:\/\/ufrb.edu.br\/ouvidoriageral\" class=\"button button-interno\">Ouvidoria<\/a><a href=\"\/portal\/servico-de-informacao-ao-cidadao-sic\" class=\"button button-interno\">Servi\u00e7o de Informa\u00e7\u00e3o ao Cidad\u00e3o (SIC)<\/a><\/div>\n","protected":false},"excerpt":{"rendered":"<p>Fale Conosco Central de AtendimentoOuvidoriaServi\u00e7o de Informa\u00e7\u00e3o ao Cidad\u00e3o (SIC)<\/p>\n","protected":false},"author":1,"featured_media":0,"parent":0,"menu_order":0,"comment_status":"closed","ping_status":"closed","template":"","meta":{"_acf_changed":false,"footnotes":""},"class_list":["post-44516","page","type-page","status-publish","hentry"],"acf":[],"_links":{"self":[{"href":"https:\/\/ufrb.edu.br\/portal\/wp-json\/wp\/v2\/pages\/44516","targetHints":{"allow":["GET"]}}],"collection":[{"href":"https:\/\/ufrb.edu.br\/portal\/wp-json\/wp\/v2\/pages"}],"about":[{"href":"https:\/\/ufrb.edu.br\/portal\/wp-json\/wp\/v2\/types\/page"}],"author":[{"embeddable":true,"href":"https:\/\/ufrb.edu.br\/portal\/wp-json\/wp\/v2\/users\/1"}],"replies":[{"embeddable":true,"href":"https:\/\/ufrb.edu.br\/portal\/wp-json\/wp\/v2\/comments?post=44516"}],"version-history":[{"count":1,"href":"https:\/\/ufrb.edu.br\/portal\/wp-json\/wp\/v2\/pages\/44516\/revisions"}],"predecessor-version":[{"id":44517,"href":"https:\/\/ufrb.edu.br\/portal\/wp-json\/wp\/v2\/pages\/44516\/revisions\/44517"}],"wp:attachment":[{"href":"https:\/\/ufrb.edu.br\/portal\/wp-json\/wp\/v2\/media?parent=44516"}],"curies":[{"name":"wp","href":"https:\/\/api.w.org\/{rel}","templated":true}]}}