{"id":44684,"date":"2025-11-24T14:30:36","date_gmt":"2025-11-24T17:30:36","guid":{"rendered":"https:\/\/ufrb.edu.br\/portal\/?page_id=44684"},"modified":"2025-11-24T14:30:36","modified_gmt":"2025-11-24T17:30:36","slug":"identidade-visual-da-ufrb","status":"publish","type":"page","link":"https:\/\/ufrb.edu.br\/portal\/identidade-visual-da-ufrb\/","title":{"rendered":"Identidade Visual da UFRB &#8211; 20 Anos"},"content":{"rendered":"\n<p>A Universidade Federal do Rec\u00f4ncavo da Bahia (UFRB) determinou, conforme a&nbsp;<a href=\"https:\/\/sistemas.ufrb.edu.br\/sipac\/VerInformativo?id=5458\">Portaria n\u00ba 896 de 28 de julho de 2025<\/a>, a utiliza\u00e7\u00e3o obrigat\u00f3ria do selo comemorativo dos 20 anos da institui\u00e7\u00e3o em todos os documentos oficiais durante o per\u00edodo de celebra\u00e7\u00e3o. O objetivo \u00e9 registrar esse marco institucional e padronizar a identidade visual nas comunica\u00e7\u00f5es formais.<\/p>\n\n\n\n<p>Al\u00e9m dos documentos administrativos, o selo estar\u00e1 presente em materiais promocionais, cartazes, eventos e redes sociais, de modo a dar unidade \u00e0 celebra\u00e7\u00e3o da data. Nos s\u00edtios eletr\u00f4nicos institucionais, o selo ser\u00e1 exibido em destaque, assegurando visibilidade \u00e0 comemora\u00e7\u00e3o em todas as p\u00e1ginas e sistemas vinculados \u00e0 universidade ao longo do ano.<\/p>\n\n\n\n<p>A decis\u00e3o busca garantir que a identidade alusiva aos 20 anos da UFRB marque a produ\u00e7\u00e3o administrativa e a comunica\u00e7\u00e3o institucional dirigida \u00e0 comunidade acad\u00eamica e ao p\u00fablico externo, destacando o car\u00e1ter simb\u00f3lico do per\u00edodo comemorativo nos diversos meios de intera\u00e7\u00e3o da universidade.<\/p>\n\n\n\n<p>Acesse&nbsp;<a href=\"https:\/\/drive.google.com\/drive\/u\/5\/folders\/1WE073QYKMjkuwGix42oxt4MahtiYfV-X\">os arquivos do selo comemorativo dos 20 anos da UFRB<\/a>.<\/p>\n\n\n\n<h3 class=\"wp-block-heading\"><strong>Assinatura Principal<\/strong><\/h3>\n\n\n\n<figure class=\"wp-block-image size-medium\"><img loading=\"lazy\" decoding=\"async\" width=\"300\" height=\"118\" src=\"https:\/\/ufrb.edu.br\/portal\/wp-content\/uploads\/sites\/5\/2025\/11\/UFRB-20_assinatura_principal_preto-300x118.png\" alt=\"\" class=\"wp-image-44685\" srcset=\"https:\/\/ufrb.edu.br\/portal\/wp-content\/uploads\/sites\/5\/2025\/11\/UFRB-20_assinatura_principal_preto-300x118.png 300w, https:\/\/ufrb.edu.br\/portal\/wp-content\/uploads\/sites\/5\/2025\/11\/UFRB-20_assinatura_principal_preto-1024x403.png 1024w, https:\/\/ufrb.edu.br\/portal\/wp-content\/uploads\/sites\/5\/2025\/11\/UFRB-20_assinatura_principal_preto-768x303.png 768w, https:\/\/ufrb.edu.br\/portal\/wp-content\/uploads\/sites\/5\/2025\/11\/UFRB-20_assinatura_principal_preto-1536x605.png 1536w, https:\/\/ufrb.edu.br\/portal\/wp-content\/uploads\/sites\/5\/2025\/11\/UFRB-20_assinatura_principal_preto-2048x807.png 2048w\" sizes=\"auto, (max-width: 300px) 100vw, 300px\" \/><\/figure>\n\n\n\n<h3 class=\"wp-block-heading\"><strong>Selo Comemorativo<\/strong><\/h3>\n\n\n\n<div class=\"wp-block-columns is-layout-flex wp-container-core-columns-is-layout-9d6595d7 wp-block-columns-is-layout-flex\">\n<div class=\"wp-block-column is-layout-flow wp-block-column-is-layout-flow\">\n<figure class=\"wp-block-image size-full\"><img loading=\"lazy\" decoding=\"async\" width=\"1013\" height=\"980\" src=\"https:\/\/ufrb.edu.br\/portal\/wp-content\/uploads\/sites\/5\/2025\/11\/UFRB-20_selo-1.png\" alt=\"\" class=\"wp-image-44686\" srcset=\"https:\/\/ufrb.edu.br\/portal\/wp-content\/uploads\/sites\/5\/2025\/11\/UFRB-20_selo-1.png 1013w, https:\/\/ufrb.edu.br\/portal\/wp-content\/uploads\/sites\/5\/2025\/11\/UFRB-20_selo-1-300x290.png 300w, https:\/\/ufrb.edu.br\/portal\/wp-content\/uploads\/sites\/5\/2025\/11\/UFRB-20_selo-1-768x743.png 768w\" sizes=\"auto, (max-width: 1013px) 100vw, 1013px\" \/><\/figure>\n<\/div>\n\n\n\n<div class=\"wp-block-column is-layout-flow wp-block-column-is-layout-flow\">\n<figure class=\"wp-block-image size-full\"><img loading=\"lazy\" decoding=\"async\" width=\"1013\" height=\"980\" src=\"https:\/\/ufrb.edu.br\/portal\/wp-content\/uploads\/sites\/5\/2025\/11\/UFRB-20_selo-2.png\" alt=\"\" class=\"wp-image-44687\" srcset=\"https:\/\/ufrb.edu.br\/portal\/wp-content\/uploads\/sites\/5\/2025\/11\/UFRB-20_selo-2.png 1013w, https:\/\/ufrb.edu.br\/portal\/wp-content\/uploads\/sites\/5\/2025\/11\/UFRB-20_selo-2-300x290.png 300w, https:\/\/ufrb.edu.br\/portal\/wp-content\/uploads\/sites\/5\/2025\/11\/UFRB-20_selo-2-768x743.png 768w\" sizes=\"auto, (max-width: 1013px) 100vw, 1013px\" \/><\/figure>\n<\/div>\n\n\n\n<div class=\"wp-block-column is-layout-flow wp-block-column-is-layout-flow\">\n<figure class=\"wp-block-image size-full\"><img loading=\"lazy\" decoding=\"async\" width=\"1013\" height=\"980\" src=\"https:\/\/ufrb.edu.br\/portal\/wp-content\/uploads\/sites\/5\/2025\/11\/UFRB-20_selo-3.png\" alt=\"\" class=\"wp-image-44688\" srcset=\"https:\/\/ufrb.edu.br\/portal\/wp-content\/uploads\/sites\/5\/2025\/11\/UFRB-20_selo-3.png 1013w, https:\/\/ufrb.edu.br\/portal\/wp-content\/uploads\/sites\/5\/2025\/11\/UFRB-20_selo-3-300x290.png 300w, https:\/\/ufrb.edu.br\/portal\/wp-content\/uploads\/sites\/5\/2025\/11\/UFRB-20_selo-3-768x743.png 768w\" sizes=\"auto, (max-width: 1013px) 100vw, 1013px\" \/><\/figure>\n<\/div>\n<\/div>\n\n\n\n<h3 class=\"wp-block-heading\"><strong>Manual Simplificado &#8211; UFRB 20 Anos<\/strong><\/h3>\n\n\n\n<figure class=\"wp-block-image size-full\"><img loading=\"lazy\" decoding=\"async\" width=\"1810\" height=\"2560\" src=\"https:\/\/ufrb.edu.br\/portal\/wp-content\/uploads\/sites\/5\/2025\/11\/Manual-Simplificado_UFRB-20anos-1-scaled.png\" alt=\"\" class=\"wp-image-44689\" srcset=\"https:\/\/ufrb.edu.br\/portal\/wp-content\/uploads\/sites\/5\/2025\/11\/Manual-Simplificado_UFRB-20anos-1-scaled.png 1810w, https:\/\/ufrb.edu.br\/portal\/wp-content\/uploads\/sites\/5\/2025\/11\/Manual-Simplificado_UFRB-20anos-1-212x300.png 212w, https:\/\/ufrb.edu.br\/portal\/wp-content\/uploads\/sites\/5\/2025\/11\/Manual-Simplificado_UFRB-20anos-1-724x1024.png 724w, https:\/\/ufrb.edu.br\/portal\/wp-content\/uploads\/sites\/5\/2025\/11\/Manual-Simplificado_UFRB-20anos-1-768x1086.png 768w, https:\/\/ufrb.edu.br\/portal\/wp-content\/uploads\/sites\/5\/2025\/11\/Manual-Simplificado_UFRB-20anos-1-1086x1536.png 1086w, https:\/\/ufrb.edu.br\/portal\/wp-content\/uploads\/sites\/5\/2025\/11\/Manual-Simplificado_UFRB-20anos-1-1448x2048.png 1448w\" sizes=\"auto, (max-width: 1810px) 100vw, 1810px\" \/><\/figure>\n","protected":false},"excerpt":{"rendered":"<p>A Universidade Federal do Rec\u00f4ncavo da Bahia (UFRB) determinou, conforme a&nbsp;Portaria n\u00ba 896 de 28 de julho de 2025, a utiliza\u00e7\u00e3o obrigat\u00f3ria do selo comemorativo dos 20 anos da institui\u00e7\u00e3o em todos os documentos oficiais durante o per\u00edodo de celebra\u00e7\u00e3o. O objetivo \u00e9 registrar esse marco institucional e padronizar a identidade visual nas comunica\u00e7\u00f5es formais. [&hellip;]<\/p>\n","protected":false},"author":1,"featured_media":0,"parent":0,"menu_order":0,"comment_status":"closed","ping_status":"closed","template":"","meta":{"_acf_changed":false,"footnotes":""},"class_list":["post-44684","page","type-page","status-publish","hentry"],"acf":[],"_links":{"self":[{"href":"https:\/\/ufrb.edu.br\/portal\/wp-json\/wp\/v2\/pages\/44684","targetHints":{"allow":["GET"]}}],"collection":[{"href":"https:\/\/ufrb.edu.br\/portal\/wp-json\/wp\/v2\/pages"}],"about":[{"href":"https:\/\/ufrb.edu.br\/portal\/wp-json\/wp\/v2\/types\/page"}],"author":[{"embeddable":true,"href":"https:\/\/ufrb.edu.br\/portal\/wp-json\/wp\/v2\/users\/1"}],"replies":[{"embeddable":true,"href":"https:\/\/ufrb.edu.br\/portal\/wp-json\/wp\/v2\/comments?post=44684"}],"version-history":[{"count":1,"href":"https:\/\/ufrb.edu.br\/portal\/wp-json\/wp\/v2\/pages\/44684\/revisions"}],"predecessor-version":[{"id":44690,"href":"https:\/\/ufrb.edu.br\/portal\/wp-json\/wp\/v2\/pages\/44684\/revisions\/44690"}],"wp:attachment":[{"href":"https:\/\/ufrb.edu.br\/portal\/wp-json\/wp\/v2\/media?parent=44684"}],"curies":[{"name":"wp","href":"https:\/\/api.w.org\/{rel}","templated":true}]}}