{"id":44723,"date":"2025-11-25T09:18:07","date_gmt":"2025-11-25T12:18:07","guid":{"rendered":"https:\/\/ufrb.edu.br\/portal\/?page_id=44723"},"modified":"2026-02-09T10:45:36","modified_gmt":"2026-02-09T13:45:36","slug":"informacoes-para-a-sociedade","status":"publish","type":"page","link":"https:\/\/ufrb.edu.br\/portal\/informacoes-para-a-sociedade\/","title":{"rendered":"Informa\u00e7\u00f5es para a Sociedade"},"content":{"rendered":"\n<p>Aqui voc\u00ea acessa conte\u00fados sobre a Universidade Federal do Rec\u00f4ncavo da Bahia (UFRB) e sua contribui\u00e7\u00e3o para a sociedade. Descubra os projetos de extens\u00e3o, as oportunidades de v\u00ednculo com a institui\u00e7\u00e3o e diversas outras iniciativas.<\/p>\n\n\n\n<div class=\"wp-block-columns is-layout-flex wp-container-core-columns-is-layout-9d6595d7 wp-block-columns-is-layout-flex\">\n<div class=\"wp-block-column caixa is-layout-flow wp-block-column-is-layout-flow\">\n<h3 class=\"wp-block-heading\">Sobre a UFRB<\/h3>\n\n\n\n<p>Conhe\u00e7a a maior pol\u00edtica p\u00fablica implantada no interior da Bahia.<\/p>\n\n\n\n<p class=\"align-right\"><a href=\"https:\/\/ufrb.edu.br\/portal\/a-ufrb\/\" data-type=\"page\" data-id=\"25930\" target=\"_blank\" rel=\"noreferrer noopener\">Acesse aqui <i class=\"fa-solid fa-angle-right\"><\/i><\/a><\/p>\n<\/div>\n\n\n\n<div class=\"wp-block-column caixa is-layout-flow wp-block-column-is-layout-flow\">\n<h3 class=\"wp-block-heading\">Cursos e eventos<\/h3>\n\n\n\n<p>Conhe\u00e7a os cursos e eventos gratuitos e abertos \u00e0 sociedade.<\/p>\n\n\n\n<p class=\"align-right\"><a href=\"https:\/\/sistemas.ufrb.edu.br\/sigaa\/public\/extensao\/paginaListaPeriodosInscricoesAtividadesPublico.jsf?aba=p-extensao\" data-type=\"link\" data-id=\"https:\/\/cursoslivres.ufrb.edu.br\/\" target=\"_blank\" rel=\"noreferrer noopener\">Acesse aqui <i class=\"fa-solid fa-angle-right\"><\/i><\/a><\/p>\n<\/div>\n<\/div>\n\n\n\n<h3 class=\"wp-block-heading\">Links \u00fateis<\/h3>\n\n\n\n<div class=\"lista\">\n<a href=\"\/portal\/acesso-a-informacao\" class=\"lista-item interno\">Acesso \u00e0 Informa\u00e7\u00e3o<\/a>\n<a href=\"https:\/\/sistemas.ufrb.edu.br\/sigrh\/public\/home.jsf\" class=\"lista-item externo\">Concursos<\/a>\n<a href=\"\/portal\/ingresso\" class=\"lista-item interno\">Estude na UFRB <\/a>\n<a href=\"https:\/\/atendimento-dc7be.chat.blip.ai\/?appKey=dWZyYjc6YmZhZmU0MjEtMDhhNS00NWI3LWI5YWMtOGNiMjM2ZDkxOWI0\" class=\"lista-item externo\">Fale com a UFRB <\/a>\n<a href=\"https:\/\/www.ufrb.edu.br\/humv\/\" class=\"lista-item externo\">Hospital Universit\u00e1rio de Medicina Veterin\u00e1ria <\/a>\n<a href=\"https:\/\/www.ufrb.edu.br\/editora\/\" class=\"lista-item externo\">Livros e Obras <\/a>\n<a href=\"\/portal\/museus\" class=\"lista-item interno\">Museus <\/a>\n<a href=\"https:\/\/www.ufrb.edu.br\/ouvidoriageral\/\" class=\"lista-item externo\">Ouvidoria <\/a>\n<a href=\"\/portal\/redes-sociais\" class=\"lista-item interno\">Redes Sociais da UFRB <\/a>\n<a href=\"portal\/servico-de-informacao-ao-cidadao-sic\/\" class=\"lista-item externo\">Servi\u00e7o de Informa\u00e7\u00e3o ao Cidad\u00e3o (SIC) <\/a>\n<a href=\"https:\/\/ufrb.edu.br\/servicodepsicologia\/\" class=\"lista-item externo\">Servi\u00e7o de Psicologia <\/a>\n<a href=\"https:\/\/www.youtube.com\/tvufrb\" class=\"lista-item externo\">TV UFRB <\/a>\n<a href=\"https:\/\/www.ufrb.edu.br\/proexc\/projeto-caminhos\" class=\"lista-item externo\">Visita Guiada <\/a>\n  <\/div>\n","protected":false},"excerpt":{"rendered":"<p>Aqui voc\u00ea acessa conte\u00fados sobre a Universidade Federal do Rec\u00f4ncavo da Bahia (UFRB) e sua contribui\u00e7\u00e3o para a sociedade. Descubra os projetos de extens\u00e3o, as oportunidades de v\u00ednculo com a institui\u00e7\u00e3o e diversas outras iniciativas. Sobre a UFRB Conhe\u00e7a a maior pol\u00edtica p\u00fablica implantada no interior da Bahia. Acesse aqui Cursos e eventos Conhe\u00e7a os [&hellip;]<\/p>\n","protected":false},"author":1,"featured_media":0,"parent":0,"menu_order":0,"comment_status":"closed","ping_status":"closed","template":"","meta":{"_acf_changed":false,"footnotes":""},"class_list":["post-44723","page","type-page","status-publish","hentry"],"acf":[],"_links":{"self":[{"href":"https:\/\/ufrb.edu.br\/portal\/wp-json\/wp\/v2\/pages\/44723","targetHints":{"allow":["GET"]}}],"collection":[{"href":"https:\/\/ufrb.edu.br\/portal\/wp-json\/wp\/v2\/pages"}],"about":[{"href":"https:\/\/ufrb.edu.br\/portal\/wp-json\/wp\/v2\/types\/page"}],"author":[{"embeddable":true,"href":"https:\/\/ufrb.edu.br\/portal\/wp-json\/wp\/v2\/users\/1"}],"replies":[{"embeddable":true,"href":"https:\/\/ufrb.edu.br\/portal\/wp-json\/wp\/v2\/comments?post=44723"}],"version-history":[{"count":34,"href":"https:\/\/ufrb.edu.br\/portal\/wp-json\/wp\/v2\/pages\/44723\/revisions"}],"predecessor-version":[{"id":45294,"href":"https:\/\/ufrb.edu.br\/portal\/wp-json\/wp\/v2\/pages\/44723\/revisions\/45294"}],"wp:attachment":[{"href":"https:\/\/ufrb.edu.br\/portal\/wp-json\/wp\/v2\/media?parent=44723"}],"curies":[{"name":"wp","href":"https:\/\/api.w.org\/{rel}","templated":true}]}}