{"id":44913,"date":"2025-11-25T15:02:34","date_gmt":"2025-11-25T18:02:34","guid":{"rendered":"https:\/\/ufrb.edu.br\/portal\/?page_id=44913"},"modified":"2026-03-26T16:55:25","modified_gmt":"2026-03-26T19:55:25","slug":"pesquisa-e-inovacao","status":"publish","type":"page","link":"https:\/\/ufrb.edu.br\/portal\/pesquisa-e-inovacao\/","title":{"rendered":"Pesquisa e Inova\u00e7\u00e3o"},"content":{"rendered":"\n<p>A Universidade Federal do Rec\u00f4ncavo da Bahia (UFRB) promove a produ\u00e7\u00e3o de conhecimento e o desenvolvimento de solu\u00e7\u00f5es inovadoras comprometidas com as necessidades da sociedade e com a transforma\u00e7\u00e3o do Rec\u00f4ncavo e do semi\u00e1rido baiano. A pesquisa na UFRB articula saberes, pr\u00e1ticas e tecnologias que fortalecem o avan\u00e7o cient\u00edfico, a sustentabilidade e a inclus\u00e3o social.<\/p>\n\n\n\n<div class=\"wp-block-columns is-layout-flex wp-container-core-columns-is-layout-9d6595d7 wp-block-columns-is-layout-flex\">\n<div class=\"wp-block-column caixa is-layout-flow wp-block-column-is-layout-flow\">\n<h3 class=\"wp-block-heading\">Reposit\u00f3rio Institucional<\/h3>\n\n\n\n<p>Acesse e conhe\u00e7a a produ\u00e7\u00e3o acad\u00eamica e cient\u00edfica da UFRB.<\/p>\n\n\n\n<p class=\"align-right\"><a href=\"https:\/\/ri.ufrb.edu.br\/\" data-type=\"page\" data-id=\"25930\" target=\"_blank\" rel=\"noreferrer noopener\">Acesse aqui <\/a> <i class=\"fa-solid fa-angle-right\"><\/i><\/p>\n<\/div>\n\n\n\n<div class=\"wp-block-column caixa is-layout-flow wp-block-column-is-layout-flow\">\n<h3 class=\"wp-block-heading\">PPGCI<\/h3>\n\n\n\n<p>Conhe\u00e7a a Pr\u00f3-Reitoria de Pesquisa, P\u00f3s-Gradua\u00e7\u00e3o, Cria\u00e7\u00e3o e Inova\u00e7\u00e3o.<\/p>\n\n\n\n<p class=\"align-right\"><a href=\"https:\/\/www.ufrb.edu.br\/ppgci\/\" data-type=\"page\" data-id=\"25930\" target=\"_blank\" rel=\"noreferrer noopener\">Acesse aqui <\/a> <i class=\"fa-solid fa-angle-right\"><\/i><\/p>\n<\/div>\n<\/div>\n\n\n\n<h3 class=\"wp-block-heading\">Links \u00fateis<\/h3>\n\n\n\n<div class=\"lista\">\n<a href=\"https:\/\/www.ufrb.edu.br\/ppgci\/editais-de-bolsas-e-auxilios-1\" class=\"lista-item\">Bolsas e aux\u00edlios na p\u00f3s-gradua\u00e7\u00e3o <i class=\"fa-solid fa-angle-right\"><\/i><\/a>\n<a href=\"\/portal\/mestrado-e-doutorado\" class=\"lista-item\">Cursos de mestrado e doutorado<i class=\"fa-solid fa-angle-right\"><\/i><\/a>\n<a href=\"\/portal\/lato-sensu\" class=\"lista-item\">Cursos de especializa\u00e7\u00e3o e resid\u00eancia<i class=\"fa-solid fa-angle-right\"><\/i><\/a>\n<a href=\"https:\/\/www.ufrb.edu.br\/ppgci\/cinova\/2-uncategorised\/1227-empresas-juniores-da-ufrb\" class=\"lista-item\">Empresas Juniores <i class=\"fa-solid fa-angle-right\"><\/i><\/a>\n<a href=\"https:\/\/www.ufrb.edu.br\/ppgci\/grupo-pesquisa\" class=\"lista-item\">Grupos de Pesquisa <i class=\"fa-solid fa-angle-right\"><\/i><\/a>\n<a href=\"https:\/\/www.ufrb.edu.br\/seiva\/\" class=\"lista-item\">Incubadora de Empresas de Base Tecnol\u00f3gica <i class=\"fa-solid fa-angle-right\"><\/i><\/a>\n<a href=\"https:\/\/www.ufrb.edu.br\/ppgci\/editais-ict\" class=\"lista-item\">Inici\u00e7\u00e3o Cient\u00edfica <i class=\"fa-solid fa-angle-right\"><\/i><\/a>\n<a href=\"https:\/\/ufrb.edu.br\/editora\" class=\"lista-item\">Livros e Obras <i class=\"fa-solid fa-angle-right\"><\/i><\/a>\n<a href=\"https:\/\/periodicos.ufrb.edu.br\/\" class=\"lista-item\">Peri\u00f3dicos Cient\u00edficos <i class=\"fa-solid fa-angle-right\"><\/i><\/a>\n<a href=\"https:\/\/sistemas.ufrb.edu.br\/sigaa\/public\/pesquisa\/consulta_projetos.jsf\" class=\"lista-item\">Projetos de Pesquisa <i class=\"fa-solid fa-angle-right\"><\/i><\/a>\n<a href=\"https:\/\/www.ufrb.edu.br\/ppgci\/coordenacao-de-criacao-e-inovacao-cinova#direito-autoral\" class=\"lista-item\">Propriedade intelectual <i class=\"fa-solid fa-angle-right\"><\/i><\/a>\n<a href=\"https:\/\/www.ufrb.edu.br\/ppgci\/coordenacao-de-criacao-e-inovacao-cinova#o-que-e\" class=\"lista-item\">Registro de software <i class=\"fa-solid fa-angle-right\"><\/i><\/a>\n<a href=\"https:\/\/ufrb.edu.br\/portal1\/laboratorios-de-pesquisa\" class=\"lista-item\">Laborat\u00f3rios de Pesquisa <i class=\"fa-solid fa-angle-right\"><\/i><\/a>\n<a href=\"https:\/\/www.ufrb.edu.br\/ppgci\/vitrinetecnologica\" class=\"lista-item\">Vitrine Tecnol\u00f3gica <i class=\"fa-solid fa-angle-right\"><\/i><\/a>\n<\/div>\n","protected":false},"excerpt":{"rendered":"<p>A Universidade Federal do Rec\u00f4ncavo da Bahia (UFRB) promove a produ\u00e7\u00e3o de conhecimento e o desenvolvimento de solu\u00e7\u00f5es inovadoras comprometidas com as necessidades da sociedade e com a transforma\u00e7\u00e3o do Rec\u00f4ncavo e do semi\u00e1rido baiano. A pesquisa na UFRB articula saberes, pr\u00e1ticas e tecnologias que fortalecem o avan\u00e7o cient\u00edfico, a sustentabilidade e a inclus\u00e3o social. [&hellip;]<\/p>\n","protected":false},"author":1,"featured_media":0,"parent":0,"menu_order":0,"comment_status":"closed","ping_status":"closed","template":"","meta":{"_acf_changed":false,"footnotes":""},"class_list":["post-44913","page","type-page","status-publish","hentry"],"acf":[],"_links":{"self":[{"href":"https:\/\/ufrb.edu.br\/portal\/wp-json\/wp\/v2\/pages\/44913","targetHints":{"allow":["GET"]}}],"collection":[{"href":"https:\/\/ufrb.edu.br\/portal\/wp-json\/wp\/v2\/pages"}],"about":[{"href":"https:\/\/ufrb.edu.br\/portal\/wp-json\/wp\/v2\/types\/page"}],"author":[{"embeddable":true,"href":"https:\/\/ufrb.edu.br\/portal\/wp-json\/wp\/v2\/users\/1"}],"replies":[{"embeddable":true,"href":"https:\/\/ufrb.edu.br\/portal\/wp-json\/wp\/v2\/comments?post=44913"}],"version-history":[{"count":11,"href":"https:\/\/ufrb.edu.br\/portal\/wp-json\/wp\/v2\/pages\/44913\/revisions"}],"predecessor-version":[{"id":45734,"href":"https:\/\/ufrb.edu.br\/portal\/wp-json\/wp\/v2\/pages\/44913\/revisions\/45734"}],"wp:attachment":[{"href":"https:\/\/ufrb.edu.br\/portal\/wp-json\/wp\/v2\/media?parent=44913"}],"curies":[{"name":"wp","href":"https:\/\/api.w.org\/{rel}","templated":true}]}}