{"id":44930,"date":"2025-11-25T15:14:45","date_gmt":"2025-11-25T18:14:45","guid":{"rendered":"https:\/\/ufrb.edu.br\/portal\/?page_id=44930"},"modified":"2025-11-26T14:58:42","modified_gmt":"2025-11-26T17:58:42","slug":"extensao-e-cultura","status":"publish","type":"page","link":"https:\/\/ufrb.edu.br\/portal\/extensao-e-cultura\/","title":{"rendered":"Extens\u00e3o e Cultura"},"content":{"rendered":"\n<p>A Universidade Federal do Rec\u00f4ncavo da Bahia (UFRB) atua na extens\u00e3o universit\u00e1ria como um processo educativo, cultural e cient\u00edfico que integra ensino e pesquisa, promovendo a intera\u00e7\u00e3o transformadora entre a universidade e a sociedade, com foco na inclus\u00e3o social e no desenvolvimento regional. Sua cultura valoriza as tradi\u00e7\u00f5es locais do Rec\u00f4ncavo Baiano, preservando e difundindo manifesta\u00e7\u00f5es culturais afro-brasileiras, ind\u00edgenas e populares por meio de projetos e a\u00e7\u00f5es que fortalecem o di\u00e1logo intercultural e o desenvolvimento territorial.<\/p>\n\n\n\n<div class=\"wp-block-columns is-layout-flex wp-container-core-columns-is-layout-9d6595d7 wp-block-columns-is-layout-flex\">\n<div class=\"wp-block-column caixa is-layout-flow wp-block-column-is-layout-flow\">\n<h3 class=\"wp-block-heading\">Cursos e eventos<\/h3>\n\n\n\n<p>Inscreva-se em cursos e eventos gratuitos realizados pela UFRB.<\/p>\n\n\n\n<p><a href=\"https:\/\/sistemas.ufrb.edu.br\/sigaa\/public\/extensao\/paginaListaPeriodosInscricoesAtividadesPublico.jsf?aba=p-extensao\" data-type=\"page\" data-id=\"25930\" target=\"_blank\" rel=\"noreferrer noopener\">Acesse aqui <\/a> <i class=\"fa-solid fa-angle-right\"><\/i><\/p>\n<\/div>\n\n\n\n<div class=\"wp-block-column caixa is-layout-flow wp-block-column-is-layout-flow\">\n<h3 class=\"wp-block-heading\">PROEXC<\/h3>\n\n\n\n<p>Conhe\u00e7a a Pr\u00f3-Reitoria de Extens\u00e3o e Cultura.<\/p>\n\n\n\n<p><a href=\"https:\/\/ufrb.edu.br\/proexc\/\" data-type=\"page\" data-id=\"25930\" target=\"_blank\" rel=\"noreferrer noopener\">Acesse aqui <\/a> <i class=\"fa-solid fa-angle-right\"><\/i><\/p>\n<\/div>\n<\/div>\n\n\n\n<h3 class=\"wp-block-heading\">Links \u00fateis<\/h3>\n\n\n\n<div class=\"lista\">\n<a href=\"https:\/\/sistemas.ufrb.edu.br\/sigaa\/public\/extensao\/consulta_extensao.jsf?aba=p-extensao\" class=\"lista-item\">A\u00e7\u00f5es de Extens\u00e3o <i class=\"fa-solid fa-angle-right\"><\/i><\/a>\n<a href=\"https:\/\/ufrb.edu.br\/proexc\/curricularizacao\" class=\"lista-item\">Curriculariza\u00e7\u00e3o da Extens\u00e3o <i class=\"fa-solid fa-angle-right\"><\/i><\/a>\n<a href=\"https:\/\/ufrb.edu.br\/proexc\/2013-04-04-12-17-05\" class=\"lista-item\">Emiss\u00e3o de Certificados <i class=\"fa-solid fa-angle-right\"><\/i><\/a>\n<a href=\"\/portal\/museus\" class=\"lista-item\">Museus <i class=\"fa-solid fa-angle-right\"><\/i><\/a>\n<a href=\"https:\/\/ufrb.edu.br\/proexc\/o-plano-de-cultura-da-ufrb\" class=\"lista-item\">Plano de Cultura da UFRB <i class=\"fa-solid fa-angle-right\"><\/i><\/a>\n<a href=\"https:\/\/www.ufrb.edu.br\/upt\/\" class=\"lista-item\">Pr\u00e9-Vestibular UPT <i class=\"fa-solid fa-angle-right\"><\/i><\/a>\n<a href=\"https:\/\/ufrb.edu.br\/pibex\/\" class=\"lista-item\">Programa Institucional de Bolsas de Extens\u00e3o Universit\u00e1ria \u2013 PIBEX <i class=\"fa-solid fa-angle-right\"><\/i><\/a>\n<a href=\"https:\/\/ufrb.edu.br\/proexc\/programas\" class=\"lista-item\">Programas <i class=\"fa-solid fa-angle-right\"><\/i><\/a>\n<a href=\"https:\/\/ufrb.edu.br\/proexc\/registro-atividades\" class=\"lista-item\">Registro e certifica\u00e7\u00e3o <i class=\"fa-solid fa-angle-right\"><\/i><\/a>\n<a href=\"https:\/\/periodicos.ufrb.edu.br\/index.php\/revistaextensao\" class=\"lista-item\">Revista Extens\u00e3o e Cultura<i class=\"fa-solid fa-angle-right\"><\/i><\/a>\n<a href=\"https:\/\/ufrb.edu.br\/proexc\/selecoes\" class=\"lista-item\">Sele\u00e7\u00f5es<i class=\"fa-solid fa-angle-right\"><\/i><\/a>\n<a href=\"https:\/\/www.ufrb.edu.br\/proexc\/projeto-caminhos\" class=\"lista-item\">Visita Guiada<i class=\"fa-solid fa-angle-right\"><\/i><\/a>\n<\/div>\n","protected":false},"excerpt":{"rendered":"<p>A Universidade Federal do Rec\u00f4ncavo da Bahia (UFRB) atua na extens\u00e3o universit\u00e1ria como um processo educativo, cultural e cient\u00edfico que integra ensino e pesquisa, promovendo a intera\u00e7\u00e3o transformadora entre a universidade e a sociedade, com foco na inclus\u00e3o social e no desenvolvimento regional. Sua cultura valoriza as tradi\u00e7\u00f5es locais do Rec\u00f4ncavo Baiano, preservando e difundindo [&hellip;]<\/p>\n","protected":false},"author":1,"featured_media":0,"parent":0,"menu_order":0,"comment_status":"closed","ping_status":"closed","template":"","meta":{"_acf_changed":false,"footnotes":""},"class_list":["post-44930","page","type-page","status-publish","hentry"],"acf":[],"_links":{"self":[{"href":"https:\/\/ufrb.edu.br\/portal\/wp-json\/wp\/v2\/pages\/44930","targetHints":{"allow":["GET"]}}],"collection":[{"href":"https:\/\/ufrb.edu.br\/portal\/wp-json\/wp\/v2\/pages"}],"about":[{"href":"https:\/\/ufrb.edu.br\/portal\/wp-json\/wp\/v2\/types\/page"}],"author":[{"embeddable":true,"href":"https:\/\/ufrb.edu.br\/portal\/wp-json\/wp\/v2\/users\/1"}],"replies":[{"embeddable":true,"href":"https:\/\/ufrb.edu.br\/portal\/wp-json\/wp\/v2\/comments?post=44930"}],"version-history":[{"count":13,"href":"https:\/\/ufrb.edu.br\/portal\/wp-json\/wp\/v2\/pages\/44930\/revisions"}],"predecessor-version":[{"id":44949,"href":"https:\/\/ufrb.edu.br\/portal\/wp-json\/wp\/v2\/pages\/44930\/revisions\/44949"}],"wp:attachment":[{"href":"https:\/\/ufrb.edu.br\/portal\/wp-json\/wp\/v2\/media?parent=44930"}],"curies":[{"name":"wp","href":"https:\/\/api.w.org\/{rel}","templated":true}]}}